{"id":3821,"date":"2017-05-08T11:44:39","date_gmt":"2017-05-08T08:44:39","guid":{"rendered":"http:\/\/www.daio.web.tr\/?page_id=3821"},"modified":"2024-04-05T10:56:20","modified_gmt":"2024-04-05T07:56:20","slug":"sosyal-medya-yonetimi-teklif-iste","status":"publish","type":"page","link":"https:\/\/www.daio.web.tr\/rsm\/sosyal-medya-yonetimi-teklif-iste","title":{"rendered":"Sosyal Medya Y\u00f6netimi Teklif \u0130ste"},"content":{"rendered":"\n<div class=\"wpcf7 no-js\" id=\"wpcf7-f3824-o1\" lang=\"tr-TR\" dir=\"ltr\" data-wpcf7-id=\"3824\">\n<div class=\"screen-reader-response\"><p role=\"status\" aria-live=\"polite\" aria-atomic=\"true\"><\/p> <ul><\/ul><\/div>\n<form action=\"\/rsm\/wp-json\/wp\/v2\/pages\/3821#wpcf7-f3824-o1\" method=\"post\" class=\"wpcf7-form init cf7skins cf7t-event cf7s-caspar\" aria-label=\"\u0130leti\u015fim Formu\" novalidate=\"novalidate\" data-status=\"init\">\n<div style=\"display: none;\">\n<input type=\"hidden\" name=\"_wpcf7\" value=\"3824\" \/>\n<input type=\"hidden\" name=\"_wpcf7_version\" value=\"6.0.3\" \/>\n<input type=\"hidden\" name=\"_wpcf7_locale\" value=\"tr_TR\" \/>\n<input type=\"hidden\" name=\"_wpcf7_unit_tag\" value=\"wpcf7-f3824-o1\" \/>\n<input type=\"hidden\" name=\"_wpcf7_container_post\" value=\"0\" \/>\n<input type=\"hidden\" name=\"_wpcf7_posted_data_hash\" value=\"\" \/>\n<\/div>\n<fieldset>\n\t<legend>Bilgileri Eksiksiz Doldurup Bize \u0130letin En K\u0131sa S\u00fcrede Size Uala\u015fal\u0131m<\/legend>\n\t<ol>\n\t\t<li><label for=''>Ad\u0131n\u0131z <em class=\"cf7s-reqd\">*<\/em> <\/label><span class=\"wpcf7-form-control-wrap\" data-name=\"text-919\"><input size=\"40\" maxlength=\"400\" class=\"wpcf7-form-control wpcf7-text wpcf7-validates-as-required\" aria-required=\"true\" aria-invalid=\"false\" value=\"\" type=\"text\" name=\"text-919\" \/><\/span><\/li>\n\t\t<li><label for=''>Email Adresiniz <em class=\"cf7s-reqd\">*<\/em> <\/label><span class=\"wpcf7-form-control-wrap\" data-name=\"email-567\"><input size=\"40\" maxlength=\"400\" class=\"wpcf7-form-control wpcf7-email wpcf7-validates-as-required wpcf7-text wpcf7-validates-as-email\" aria-required=\"true\" aria-invalid=\"false\" value=\"\" type=\"email\" name=\"email-567\" \/><\/span><\/li>\n\t\t<li><label for=''>Mesaj\u0131n\u0131z <\/label><span class=\"wpcf7-form-control-wrap\" data-name=\"textarea-127\"><textarea cols=\"40\" rows=\"10\" maxlength=\"2000\" class=\"wpcf7-form-control wpcf7-textarea\" aria-invalid=\"false\" name=\"textarea-127\"><\/textarea><\/span><\/li>\n\t<\/ol>\n\t<p>\n\t<\/p>\n<\/fieldset>\n<span class=\"wpcf7-form-control-wrap\" data-name=\"quiz-31\"><label><span class=\"wpcf7-quiz-label\">Bursa&#039;n\u0131n Plaka Numaras\u0131n\u0131 Yaz\u0131n<\/span> <input size=\"40\" class=\"wpcf7-form-control wpcf7-quiz plak\" autocomplete=\"off\" aria-required=\"true\" aria-invalid=\"false\" type=\"text\" name=\"quiz-31\" \/><\/label><input type=\"hidden\" name=\"_wpcf7_quiz_answer_quiz-31\" value=\"0efd3ee0a2fef550deda176bb97ae0d3\" \/><\/span>\n<input class=\"wpcf7-form-control wpcf7-submit has-spinner\" type=\"submit\" value=\"G\u00d6NDER\" \/><div class=\"wpcf7-response-output\" aria-hidden=\"true\"><\/div>\n<\/form>\n<\/div>\n\n","protected":false},"excerpt":{"rendered":"","protected":false},"author":1,"featured_media":0,"parent":0,"menu_order":0,"comment_status":"closed","ping_status":"closed","template":"","meta":{"footnotes":""},"class_list":["post-3821","page","type-page","status-publish","hentry"],"aioseo_notices":[],"_links":{"self":[{"href":"https:\/\/www.daio.web.tr\/rsm\/wp-json\/wp\/v2\/pages\/3821","targetHints":{"allow":["GET"]}}],"collection":[{"href":"https:\/\/www.daio.web.tr\/rsm\/wp-json\/wp\/v2\/pages"}],"about":[{"href":"https:\/\/www.daio.web.tr\/rsm\/wp-json\/wp\/v2\/types\/page"}],"author":[{"embeddable":true,"href":"https:\/\/www.daio.web.tr\/rsm\/wp-json\/wp\/v2\/users\/1"}],"replies":[{"embeddable":true,"href":"https:\/\/www.daio.web.tr\/rsm\/wp-json\/wp\/v2\/comments?post=3821"}],"version-history":[{"count":2,"href":"https:\/\/www.daio.web.tr\/rsm\/wp-json\/wp\/v2\/pages\/3821\/revisions"}],"predecessor-version":[{"id":4464,"href":"https:\/\/www.daio.web.tr\/rsm\/wp-json\/wp\/v2\/pages\/3821\/revisions\/4464"}],"wp:attachment":[{"href":"https:\/\/www.daio.web.tr\/rsm\/wp-json\/wp\/v2\/media?parent=3821"}],"curies":[{"name":"wp","href":"https:\/\/api.w.org\/{rel}","templated":true}]}}