{"id":3439,"date":"2017-05-03T11:59:41","date_gmt":"2017-05-03T08:59:41","guid":{"rendered":"http:\/\/www.daio.web.tr\/demo\/?page_id=3439"},"modified":"2020-06-11T10:34:04","modified_gmt":"2020-06-11T07:34:04","slug":"sosyal-medya-yonetimi","status":"publish","type":"page","link":"https:\/\/www.daio.web.tr\/rsm\/sosyal-medya-yonetimi","title":{"rendered":"Sosyal Medya Y\u00f6netimi"},"content":{"rendered":"<p><img fetchpriority=\"high\" decoding=\"async\" class=\"aligncenter wp-image-3396 size-full\" src=\"http:\/\/www.daio.web.tr\/wp-content\/uploads\/2017\/04\/ucuncu-slayt.jpg\" width=\"1900\" height=\"600\" srcset=\"https:\/\/www.daio.web.tr\/rsm\/wp-content\/uploads\/2017\/04\/ucuncu-slayt.jpg 1900w, https:\/\/www.daio.web.tr\/rsm\/wp-content\/uploads\/2017\/04\/ucuncu-slayt-300x95.jpg 300w, https:\/\/www.daio.web.tr\/rsm\/wp-content\/uploads\/2017\/04\/ucuncu-slayt-768x243.jpg 768w, https:\/\/www.daio.web.tr\/rsm\/wp-content\/uploads\/2017\/04\/ucuncu-slayt-1030x325.jpg 1030w\" sizes=\"(max-width: 1900px) 100vw, 1900px\" \/><\/p>\n<p>Sosyal medya y\u00f6netimi kurumsal firmalar\u0131n ihtiya\u00e7lar\u0131ndan biridir. <strong>Sosyal medya<\/strong> hayat\u0131m\u0131za gireli 10 y\u0131l oldu ve ki\u015fisel kullan\u0131m\u0131n h\u0131zla artmas\u0131yla firmalar\u0131nda bu platformlarda yer almalar\u0131 ayn\u0131 h\u0131zla ger\u00e7ekle\u015fti. Tabi bu yer edinme yar\u0131\u015f\u0131nda \u00e7ok ciddi hatalar yap\u0131ld\u0131 ve bir s\u00fcre sonra firmalar gerek zamans\u0131zl\u0131ktan gerekse de bu y\u00f6nde kadrola\u015fman\u0131n getirdi\u011fi maddi y\u00fcklerden dolay\u0131 sosyal medyan\u0131n itici g\u00fcc\u00fcnden ne yaz\u0131k ki tam manas\u0131yla faydalanamad\u0131lar.<\/p>\n<p>Ticaretin temel kural\u0131 m\u00fc\u015fteri neredeyse orada olmakt\u0131r. \u00dcr\u00fcn ya da hizmetlerinizi satabilmenin temel gereksinimlerindendir bu durum. <em>Sosyal medya<\/em> da bu do\u011frultuda firmalar\u0131n \u00fcr\u00fcn ya da hizmetlerini geni\u015f kitlelere ula\u015ft\u0131r\u0131p sat\u0131\u015flar\u0131n\u0131 artt\u0131rabilecekleri platformlar. Ancak do\u011fru y\u00f6netilmedi\u011finde tam ters etki yapmakta ve firmalar\u0131n itibarlar\u0131n\u0131 zedelemektedir.<\/p>\n<p>Peki do\u011fru bir <a href=\"https:\/\/www.daio.web.tr\/sosyal-medya-yonetimi\">sosyal medya y\u00f6netimi<\/a> nas\u0131l olmal\u0131d\u0131r? <strong>Sosyal medya<\/strong>, web sitesinin aksine a\u015f\u0131r\u0131 kurumsal yakla\u015f\u0131mlar\u0131 ve m\u00fc\u015fterilerinizle aran\u0131za keskin \u00e7izgiler \u00e7ekmenizi gerektirmeyen daha samimi ve e\u011flenceli bir ortamd\u0131r. Bu ortamda firman\u0131z\u0131n halkla ili\u015fkilerini geli\u015ftirmeniz yeni \u00fcr\u00fcn ya da hizmetlerinizi tan\u0131tman\u0131z \u00e7ok daha h\u0131zl\u0131 ve kolayd\u0131r. Ayr\u0131ca di\u011fer klasik reklam t\u00fcrlerine g\u00f6re h\u0131zl\u0131 geri d\u00f6n\u00fc\u015fler al\u0131p \u00fcr\u00fcn ya da hizmetlerinizi geli\u015ftirmenize olanak sa\u011flar. Bunun i\u00e7in en do\u011fru tan\u0131t\u0131m\u0131 lansman\u0131 yapman\u0131z geri d\u00f6n\u00fc\u015fleri ele\u015ftiri ve yorumlar\u0131 dikkatli okuman\u0131z gerekir. Bizler sizler i\u00e7in t\u00fcm sosyal medya hesaplar\u0131n\u0131z\u0131 tek elden kontrol edip birbirleri aras\u0131nda senkronizasyon sa\u011flay\u0131p sosyal medya itibar y\u00f6netiminizi ve \u00fcr\u00fcn ya da hizmetlerinizi en iyi \u015fekilde kitlenize sunuyoruz. Ayr\u0131ca be\u011feni ve takip\u00e7i artt\u0131rma hizmetlerimizle rakiplerinizden bir ad\u0131m \u00f6ne ge\u00e7menize yard\u0131mc\u0131 oluyoruz. Haftal\u0131k raporlar\u0131m\u0131zla sosyal medya olu\u015fumunuzu en iyi seviyede tutmak i\u00e7in gerekli olanlar\u0131 size sunuyoruz. \u0130\u015f birli\u011fi ve diyalog i\u00e7erisinde <strong>sosyal medya y\u00f6netim<\/strong> \u00e7al\u0131\u015fmalar\u0131n\u0131z\u0131 s\u00fcrd\u00fcr\u00fcyoruz.<\/p>\n<p>Sosyal medya hesaplar\u0131n\u0131z\u0131 bizim y\u00f6netmemizi istiyorsan\u0131z bizlere ula\u015f\u0131n 0224 221 32 46 ya da a\u015fa\u011f\u0131da ki formu doldurun hemen teklif ge\u00e7elim.<\/p>\n\n<div class=\"wpcf7 no-js\" id=\"wpcf7-f3819-o1\" lang=\"tr-TR\" dir=\"ltr\" data-wpcf7-id=\"3819\">\n<div class=\"screen-reader-response\"><p role=\"status\" aria-live=\"polite\" aria-atomic=\"true\"><\/p> <ul><\/ul><\/div>\n<form action=\"\/rsm\/wp-json\/wp\/v2\/pages\/3439#wpcf7-f3819-o1\" method=\"post\" class=\"wpcf7-form init cf7skins cf7t-event cf7s-caspar\" aria-label=\"\u0130leti\u015fim Formu\" novalidate=\"novalidate\" data-status=\"init\">\n<div style=\"display: none;\">\n<input type=\"hidden\" name=\"_wpcf7\" value=\"3819\" \/>\n<input type=\"hidden\" name=\"_wpcf7_version\" value=\"6.0.3\" \/>\n<input type=\"hidden\" name=\"_wpcf7_locale\" value=\"tr_TR\" \/>\n<input type=\"hidden\" name=\"_wpcf7_unit_tag\" value=\"wpcf7-f3819-o1\" \/>\n<input type=\"hidden\" name=\"_wpcf7_container_post\" value=\"0\" \/>\n<input type=\"hidden\" name=\"_wpcf7_posted_data_hash\" value=\"\" \/>\n<\/div>\n<fieldset>\n\t<legend>Legend<\/legend>\n\t<ol>\n\t\t<li><label for=''>Your Name (required) <em class=\"cf7s-reqd\">*<\/em> <\/label><span class=\"wpcf7-form-control-wrap\" data-name=\"text-313\"><input size=\"40\" maxlength=\"400\" class=\"wpcf7-form-control wpcf7-text wpcf7-validates-as-required\" aria-required=\"true\" aria-invalid=\"false\" value=\"\" type=\"text\" name=\"text-313\" \/><\/span><\/li>\n\t\t<li><label for=''>Email Address (required) <em class=\"cf7s-reqd\">*<\/em> <\/label><span class=\"wpcf7-form-control-wrap\" data-name=\"email-161\"><input size=\"40\" maxlength=\"400\" class=\"wpcf7-form-control wpcf7-email wpcf7-validates-as-required wpcf7-text wpcf7-validates-as-email\" aria-required=\"true\" aria-invalid=\"false\" value=\"\" type=\"email\" name=\"email-161\" \/><\/span><\/li>\n\t\t<li><label for=''>Your Message <\/label><span class=\"wpcf7-form-control-wrap\" data-name=\"textarea-478\"><textarea cols=\"40\" rows=\"10\" maxlength=\"2000\" class=\"wpcf7-form-control wpcf7-textarea\" aria-invalid=\"false\" name=\"textarea-478\"><\/textarea><\/span><\/li>\n\t<\/ol>\n\t<p>\n\t\t* Required\n\t<\/p>\n\t [recaptcha]\n<\/fieldset>\n<input class=\"wpcf7-form-control wpcf7-submit has-spinner\" type=\"submit\" value=\"Send\" \/><div class=\"wpcf7-response-output\" aria-hidden=\"true\"><\/div>\n<\/form>\n<\/div>\n\n","protected":false},"excerpt":{"rendered":"<p>Sosyal medya y\u00f6netimi kurumsal firmalar\u0131n ihtiya\u00e7lar\u0131ndan biridir. Sosyal medya hayat\u0131m\u0131za gireli 10 y\u0131l oldu ve ki\u015fisel kullan\u0131m\u0131n h\u0131zla artmas\u0131yla firmalar\u0131nda bu platformlarda yer almalar\u0131 ayn\u0131 h\u0131zla ger\u00e7ekle\u015fti. Tabi bu yer edinme yar\u0131\u015f\u0131nda \u00e7ok ciddi hatalar yap\u0131ld\u0131 ve bir s\u00fcre sonra firmalar gerek zamans\u0131zl\u0131ktan gerekse de bu y\u00f6nde kadrola\u015fman\u0131n getirdi\u011fi maddi y\u00fcklerden dolay\u0131 sosyal medyan\u0131n itici [&hellip;]<\/p>\n","protected":false},"author":1,"featured_media":0,"parent":0,"menu_order":0,"comment_status":"closed","ping_status":"closed","template":"","meta":{"footnotes":""},"class_list":["post-3439","page","type-page","status-publish","hentry"],"aioseo_notices":[],"_links":{"self":[{"href":"https:\/\/www.daio.web.tr\/rsm\/wp-json\/wp\/v2\/pages\/3439","targetHints":{"allow":["GET"]}}],"collection":[{"href":"https:\/\/www.daio.web.tr\/rsm\/wp-json\/wp\/v2\/pages"}],"about":[{"href":"https:\/\/www.daio.web.tr\/rsm\/wp-json\/wp\/v2\/types\/page"}],"author":[{"embeddable":true,"href":"https:\/\/www.daio.web.tr\/rsm\/wp-json\/wp\/v2\/users\/1"}],"replies":[{"embeddable":true,"href":"https:\/\/www.daio.web.tr\/rsm\/wp-json\/wp\/v2\/comments?post=3439"}],"version-history":[{"count":6,"href":"https:\/\/www.daio.web.tr\/rsm\/wp-json\/wp\/v2\/pages\/3439\/revisions"}],"predecessor-version":[{"id":4195,"href":"https:\/\/www.daio.web.tr\/rsm\/wp-json\/wp\/v2\/pages\/3439\/revisions\/4195"}],"wp:attachment":[{"href":"https:\/\/www.daio.web.tr\/rsm\/wp-json\/wp\/v2\/media?parent=3439"}],"curies":[{"name":"wp","href":"https:\/\/api.w.org\/{rel}","templated":true}]}}