{"id":3436,"date":"2017-05-03T11:25:00","date_gmt":"2017-05-03T08:25:00","guid":{"rendered":"http:\/\/www.daio.web.tr\/demo\/?page_id=3436"},"modified":"2017-05-03T11:25:00","modified_gmt":"2017-05-03T08:25:00","slug":"e-ticaret-seo","status":"publish","type":"page","link":"https:\/\/www.daio.web.tr\/rsm\/e-ticaret-seo","title":{"rendered":"E-Ticaret SEO"},"content":{"rendered":"<p>Normal bir kurumsal web sitesi ile e-ticaret sitelerinin SEO optimizasyonlar\u0131 farkl\u0131d\u0131r. E-ticaret firmalar\u0131n\u0131n \u00f6zellikle \u00fcr\u00fcn bazl\u0131 Google varl\u0131klar\u0131n\u0131 iyile\u015ftirmelerine destek oluyoruz.<\/p>\n<p>Google SEO optimizasyonu art\u0131k hemen her site i\u00e7in standart al\u0131nmas\u0131 gereken bir hizmet haline geldi. Ancak internetten \u00fcr\u00fcn sat\u0131\u015f\u0131 yapan sanal ma\u011fazalar i\u00e7in e-ticaret firmalar\u0131 i\u00e7in ise elzem bir \u00e7al\u0131\u015fmad\u0131r. E-ticarette en m\u00fchim husus \u00fcr\u00fcnlerinizi m\u00fcmk\u00fcn olan en geni\u015f kitleye ula\u015ft\u0131rmakt\u0131r. Bunun i\u00e7in reklam ilk akla gelen \u015feydir ancak devaml\u0131l\u0131\u011f\u0131 sa\u011flamak ve rekabet ko\u015fullar\u0131nda k\u00e2rl\u0131l\u0131\u011f\u0131 artt\u0131rmak i\u00e7in Google SEO optimizasyonu mutlaka yap\u0131lmas\u0131 gereken bir\u015feydir.<\/p>\n<p>Google SEO optimizasyonunda e-ticaret firmalar\u0131n\u0131n \u00fcr\u00fcnlerinin iyi yap\u0131land\u0131r\u0131lmas\u0131 kategorilerinin \u00f6n plana \u00e7\u0131kart\u0131lmas\u0131 \u00f6nceliklidir. Ana sayfalar\u0131n\u0131n her kelimede \u00e7\u0131kmas\u0131n\u0131 isteyen eski t\u00fcr anlay\u0131\u015f art\u0131k yerini daha spesifik kelimelerde kategori ve \u00fcr\u00fcn bazl\u0131 \u00f6n plana \u00e7\u0131kmaya b\u0131rakm\u0131\u015ft\u0131r. Bu yolla daha \u00f6zel bir kitleye daha k\u0131sa s\u00fcrede ula\u015f\u0131p \u00fcr\u00fcnlerinizi \u00e7ok daha h\u0131zl\u0131 satabilirsiniz.<\/p>\n<p>E-ticaret yap\u0131yorsan\u0131z ve SEO \u00e7al\u0131\u015fmas\u0131 istiyorsan\u0131z bize ula\u015f\u0131n.<\/p>\n","protected":false},"excerpt":{"rendered":"<p>Normal bir kurumsal web sitesi ile e-ticaret sitelerinin SEO optimizasyonlar\u0131 farkl\u0131d\u0131r. E-ticaret firmalar\u0131n\u0131n \u00f6zellikle \u00fcr\u00fcn bazl\u0131 Google varl\u0131klar\u0131n\u0131 iyile\u015ftirmelerine destek oluyoruz. Google SEO optimizasyonu art\u0131k hemen her site i\u00e7in standart al\u0131nmas\u0131 gereken bir hizmet haline geldi. Ancak internetten \u00fcr\u00fcn sat\u0131\u015f\u0131 yapan sanal ma\u011fazalar i\u00e7in e-ticaret firmalar\u0131 i\u00e7in ise elzem bir \u00e7al\u0131\u015fmad\u0131r. E-ticarette en m\u00fchim husus [&hellip;]<\/p>\n","protected":false},"author":1,"featured_media":0,"parent":0,"menu_order":0,"comment_status":"closed","ping_status":"closed","template":"","meta":{"footnotes":""},"class_list":["post-3436","page","type-page","status-publish","hentry"],"aioseo_notices":[],"_links":{"self":[{"href":"https:\/\/www.daio.web.tr\/rsm\/wp-json\/wp\/v2\/pages\/3436","targetHints":{"allow":["GET"]}}],"collection":[{"href":"https:\/\/www.daio.web.tr\/rsm\/wp-json\/wp\/v2\/pages"}],"about":[{"href":"https:\/\/www.daio.web.tr\/rsm\/wp-json\/wp\/v2\/types\/page"}],"author":[{"embeddable":true,"href":"https:\/\/www.daio.web.tr\/rsm\/wp-json\/wp\/v2\/users\/1"}],"replies":[{"embeddable":true,"href":"https:\/\/www.daio.web.tr\/rsm\/wp-json\/wp\/v2\/comments?post=3436"}],"version-history":[{"count":1,"href":"https:\/\/www.daio.web.tr\/rsm\/wp-json\/wp\/v2\/pages\/3436\/revisions"}],"predecessor-version":[{"id":3437,"href":"https:\/\/www.daio.web.tr\/rsm\/wp-json\/wp\/v2\/pages\/3436\/revisions\/3437"}],"wp:attachment":[{"href":"https:\/\/www.daio.web.tr\/rsm\/wp-json\/wp\/v2\/media?parent=3436"}],"curies":[{"name":"wp","href":"https:\/\/api.w.org\/{rel}","templated":true}]}}