{"id":3309,"date":"2017-02-17T11:35:54","date_gmt":"2017-02-17T09:35:54","guid":{"rendered":"http:\/\/www.daio.web.tr\/demo\/?page_id=3309"},"modified":"2017-02-17T21:48:25","modified_gmt":"2017-02-17T19:48:25","slug":"teklif-iste","status":"publish","type":"page","link":"https:\/\/www.daio.web.tr\/rsm\/teklif-iste","title":{"rendered":"TEKL\u0130F \u0130STE"},"content":{"rendered":"<h2 class=\"contentheading\">WebTasar\u0131m Talep Formu<\/h2>\n\n<div class=\"wpcf7 no-js\" id=\"wpcf7-f3377-o1\" lang=\"tr-TR\" dir=\"ltr\" data-wpcf7-id=\"3377\">\n<div class=\"screen-reader-response\"><p role=\"status\" aria-live=\"polite\" aria-atomic=\"true\"><\/p> <ul><\/ul><\/div>\n<form action=\"\/rsm\/wp-json\/wp\/v2\/pages\/3309#wpcf7-f3377-o1\" method=\"post\" class=\"wpcf7-form init cf7skins cf7t-event cf7s-caspar\" aria-label=\"\u0130leti\u015fim Formu\" novalidate=\"novalidate\" data-status=\"init\">\n<div style=\"display: none;\">\n<input type=\"hidden\" name=\"_wpcf7\" value=\"3377\" \/>\n<input type=\"hidden\" name=\"_wpcf7_version\" value=\"6.0.3\" \/>\n<input type=\"hidden\" name=\"_wpcf7_locale\" value=\"tr_TR\" \/>\n<input type=\"hidden\" name=\"_wpcf7_unit_tag\" value=\"wpcf7-f3377-o1\" \/>\n<input type=\"hidden\" name=\"_wpcf7_container_post\" value=\"0\" \/>\n<input type=\"hidden\" name=\"_wpcf7_posted_data_hash\" value=\"\" \/>\n<\/div>\n<fieldset>\n\n<b>Size teklif g\u00f6nderebilmemiz i\u00e7in l\u00fctfen t\u00fcm alanlar\u0131 doldurmaya \u00f6zen g\u00f6steriniz.<\/b><br><br>\n<ol>\n<div style=\"float: Left; width: 80%;\">\nFirma Ad\u0131n\u0131z  <span class=\"wpcf7-form-control-wrap firma\"><input type=\"text\" name=\"firma\" value=\"\" size=\"40\" class=\"wpcf7-form-control wpcf7-text\" aria-invalid=\"false\"><\/span><br>\nE-mail(*)    <span class=\"wpcf7-form-control-wrap your-email\"><input type=\"email\" name=\"your-email\" value=\"\" size=\"40\" class=\"wpcf7-form-control wpcf7-text wpcf7-email wpcf7-validates-as-required wpcf7-validates-as-email\" aria-required=\"true\" aria-invalid=\"false\"><\/span><br>\nSitenizin Konusu \/ Faaliyet Alan\u0131? <span class=\"wpcf7-form-control-wrap siteKonu\"><input type=\"text\" name=\"siteKonu\" value=\"\" size=\"40\" class=\"wpcf7-form-control wpcf7-text\" aria-invalid=\"false\"><\/span>\n<br>\n<p>Ad\u0131n\u0131z Soyad\u0131n\u0131z(*)<span class=\"wpcf7-form-control-wrap your-name\"><input type=\"text\" name=\"your-name\" value=\"\" size=\"40\" class=\"wpcf7-form-control wpcf7-text wpcf7-validates-as-required\" aria-required=\"true\" aria-invalid=\"false\"><\/span><br>\nTelefon Numaran\u0131z <span class=\"wpcf7-form-control-wrap phone\"><input type=\"text\" name=\"phone\" value=\"\" size=\"40\" class=\"wpcf7-form-control wpcf7-text\" aria-invalid=\"false\"><\/span><br>\nMevcut Web Siteniz Varsa Adresi <span class=\"wpcf7-form-control-wrap mevcutAdres\"><input type=\"text\" name=\"mevcutAdres\" value=\"\" size=\"40\" class=\"wpcf7-form-control wpcf7-text\" aria-invalid=\"false\"><\/span>\n<\/p><\/div>\n<div style=\"clear: both;\"><br>\n<h5>\n<legend>WEB S\u0130TES\u0130 BA\u015eLIKLARI<\/legend><\/h5>\n<br>\n<b>Sitenizde olmas\u0131n\u0131 istedi\u011finiz ba\u015fl\u0131klar\u0131 i\u015faretleyin.<\/b>\n<\/div>\n<div style=\"float:left; width: 450px;\">\n<p>\t\t<span class=\"wpcf7-form-control-wrap checkbox1\"><span class=\"wpcf7-form-control wpcf7-checkbox\"><span class=\"wpcf7-list-item first\"><input type=\"checkbox\" name=\"checkbox1[]\" value=\"Hakk\u0131m\u0131zda\"><span class=\"wpcf7-list-item-label\">Hakk\u0131m\u0131zda<\/span><\/span><span class=\"wpcf7-list-item\"><input type=\"checkbox\" name=\"checkbox1[]\" value=\"\u0130nsan Kaynaklar\u0131 Sayfas\u0131\"><span class=\"wpcf7-list-item-label\">\u0130nsan Kaynaklar\u0131 Sayfas\u0131<\/span><\/span><span class=\"wpcf7-list-item\"><input type=\"checkbox\" name=\"checkbox1[]\" value=\"\u00dcr\u00fcnler(Kategori Alt Kategori Alt\u0131nda Sergilenecektir)\"><span class=\"wpcf7-list-item-label\">\u00dcr\u00fcnler(Kategori Alt Kategori Alt\u0131nda Sergilenecektir)<\/span><\/span><span class=\"wpcf7-list-item\"><input type=\"checkbox\" name=\"checkbox1[]\" value=\"\u00dcr\u00fcn Talep Formu\"><span class=\"wpcf7-list-item-label\">\u00dcr\u00fcn Talep Formu<\/span><\/span><span class=\"wpcf7-list-item\"><input type=\"checkbox\" name=\"checkbox1[]\" value=\"Referanslar\"><span class=\"wpcf7-list-item-label\">Referanslar<\/span><\/span><span class=\"wpcf7-list-item\"><input type=\"checkbox\" name=\"checkbox1[]\" value=\"Site Haritas\u0131\"><span class=\"wpcf7-list-item-label\">Site Haritas\u0131<\/span><\/span><span class=\"wpcf7-list-item\"><input type=\"checkbox\" name=\"checkbox1[]\" value=\"S\u0131k Sorulan Sorular\"><span class=\"wpcf7-list-item-label\">S\u0131k Sorulan Sorular<\/span><\/span><span class=\"wpcf7-list-item\"><input type=\"checkbox\" name=\"checkbox1[]\" value=\"Online Katalog\"><span class=\"wpcf7-list-item-label\">Online Katalog<\/span><\/span><span class=\"wpcf7-list-item last\"><input type=\"checkbox\" name=\"checkbox1[]\" value=\"Bas\u0131nda Biz\"><span class=\"wpcf7-list-item-label\">Bas\u0131nda Biz<\/span><\/span><\/span><\/span>\n<\/p><\/div>\n<div style=\"float:left; width: 80%;\">\n<span class=\"wpcf7-form-control-wrap checkbox2\"><span class=\"wpcf7-form-control wpcf7-checkbox\"><span class=\"wpcf7-list-item first\"><input type=\"checkbox\" name=\"checkbox2[]\" value=\"Slayt (Kayan Resimler)\"><span class=\"wpcf7-list-item-label\">Slayt (Kayan Resimler)<\/span><\/span><span class=\"wpcf7-list-item\"><input type=\"checkbox\" name=\"checkbox2[]\" value=\"Online Randevu Formu\"><span class=\"wpcf7-list-item-label\">Online Randevu Formu<\/span><\/span><span class=\"wpcf7-list-item\"><input type=\"checkbox\" name=\"checkbox2[]\" value=\"Biz Sizi Ar\u0131yal\u0131m\"><span class=\"wpcf7-list-item-label\">Biz Sizi Ar\u0131yal\u0131m<\/span><\/span><span class=\"wpcf7-list-item\"><input type=\"checkbox\" name=\"checkbox2[]\" value=\"Devam Eden Projeler - Biten Projeler\"><span class=\"wpcf7-list-item-label\">Devam Eden Projeler - Biten Projeler<\/span><\/span><span class=\"wpcf7-list-item\"><input type=\"checkbox\" name=\"checkbox2[]\" value=\"Etkinliklerimiz\"><span class=\"wpcf7-list-item-label\">Etkinliklerimiz<\/span><\/span><span class=\"wpcf7-list-item\"><input type=\"checkbox\" name=\"checkbox2[]\" value=\"Kampanyalar\"><span class=\"wpcf7-list-item-label\">Kampanyalar<\/span><\/span><span class=\"wpcf7-list-item\"><input type=\"checkbox\" name=\"checkbox2[]\" value=\"Fotograf Alb\u00fcm\u00fc\"><span class=\"wpcf7-list-item-label\">Fotograf Alb\u00fcm\u00fc<\/span><\/span><span class=\"wpcf7-list-item last\"><input type=\"checkbox\" name=\"checkbox2[]\" value=\"\u0130leti\u015fim \/ \u0130leti\u015fim Formu\"><span class=\"wpcf7-list-item-label\">\u0130leti\u015fim \/ \u0130leti\u015fim Formu<\/span><\/span><\/span><\/span>\n\nDi\u011fer Eklemek \u0130stedi\u011finiz B\u00f6l\u00fcmler <span class=\"wpcf7-form-control-wrap comments\"><textarea name=\"comments\" cols=\"40\" rows=\"10\" class=\"wpcf7-form-control wpcf7-textarea\" aria-invalid=\"false\"><\/textarea><\/span><\/div>\n<div style=\"clear: both;\">\n<h5>\n<legend>EK B\u0130LG\u0130LER<\/legend><\/h5>\n\n<\/div>\n<div style=\"float:left; width: 80%;\">\n<p>Site hangi Dillerde Haz\u0131rlanacak?<br>\n<span class=\"wpcf7-form-control-wrap checkbox3\"><span class=\"wpcf7-form-control wpcf7-checkbox\"><span class=\"wpcf7-list-item first\"><input type=\"checkbox\" name=\"checkbox3[]\" value=\"T\u00fcrk\u00e7e\"><span class=\"wpcf7-list-item-label\">T\u00fcrk\u00e7e<\/span><\/span><span class=\"wpcf7-list-item\"><input type=\"checkbox\" name=\"checkbox3[]\" value=\"\u0130ngilizce\"><span class=\"wpcf7-list-item-label\">\u0130ngilizce<\/span><\/span><span class=\"wpcf7-list-item\"><input type=\"checkbox\" name=\"checkbox3[]\" value=\"Almanca\"><span class=\"wpcf7-list-item-label\">Almanca<\/span><\/span><span class=\"wpcf7-list-item last\"><input type=\"checkbox\" name=\"checkbox3[]\" value=\"Arap\u00e7a\"><span class=\"wpcf7-list-item-label\">Arap\u00e7a<\/span><\/span><\/span><\/span><br>\nDi\u011fer Diller<br>\n<span class=\"wpcf7-form-control-wrap siteDil\"><input type=\"text\" name=\"siteDil\" value=\"\" size=\"40\" class=\"wpcf7-form-control wpcf7-text\" aria-invalid=\"false\"><\/span><\/p>\n<p>Be\u011fendi\u011finiz Siteler ve Be\u011fendi\u011finiz B\u00f6l\u00fcmleri <span class=\"wpcf7-form-control-wrap siteOrnek\"><input type=\"text\" name=\"siteOrnek\" value=\"\" size=\"40\" class=\"wpcf7-form-control wpcf7-text\" aria-invalid=\"false\"><\/span><br>\n<span class=\"wpcf7-form-control-wrap siteOrnek1\"><input type=\"text\" name=\"siteOrnek1\" value=\"\" size=\"40\" class=\"wpcf7-form-control wpcf7-text\" aria-invalid=\"false\"><\/span><br>\n<span class=\"wpcf7-form-control-wrap siteOrnek2\"><input type=\"text\" name=\"siteOrnek2\" value=\"\" size=\"40\" class=\"wpcf7-form-control wpcf7-text\" aria-invalid=\"false\"><\/span><br>\nEklemek \u0130stedi\u011finiz Varsa L\u00fctfen Yaz\u0131n\u0131z <span class=\"wpcf7-form-control-wrap comments2\"><textarea name=\"comments2\" cols=\"40\" rows=\"10\" class=\"wpcf7-form-control wpcf7-textarea\" aria-invalid=\"false\"><\/textarea><\/span>\n<\/p><\/div>\n<div style=\"clear: both;\">\n\n<p>* Gerekli<\/p>\n\n<p><input type=\"submit\" value=\"G\u00d6NDER\" class=\"wpcf7-form-control wpcf7-submit\"><span class=\"ajax-loader\"><\/span><\/p>\n<\/div>\n<\/ol>\n<\/fieldset>\n<span class=\"wpcf7-form-control-wrap\" data-name=\"quiz-13\"><label><span class=\"wpcf7-quiz-label\">Bursa&#039;n\u0131n Plaka Numaras\u0131n\u0131 Yaz\u0131n<\/span> <input size=\"40\" class=\"wpcf7-form-control wpcf7-quiz sor\" autocomplete=\"off\" aria-required=\"true\" aria-invalid=\"false\" type=\"text\" name=\"quiz-13\" \/><\/label><input type=\"hidden\" name=\"_wpcf7_quiz_answer_quiz-13\" value=\"0efd3ee0a2fef550deda176bb97ae0d3\" \/><\/span>\n\n<p>Web Sitesi Talebinize En K\u0131sa S\u00fcrede D\u00f6n\u00fc\u015f Yap\u0131lacakt\u0131r.<\/p>\n<div class=\"wpcf7-response-output wpcf7-display-none\"><\/div><\/form><div class=\"wpcf7-response-output\" aria-hidden=\"true\"><\/div>\n<\/form>\n<\/div>\n\n","protected":false},"excerpt":{"rendered":"<p>WebTasar\u0131m Talep Formu<\/p>\n","protected":false},"author":1,"featured_media":0,"parent":0,"menu_order":0,"comment_status":"closed","ping_status":"closed","template":"","meta":{"footnotes":""},"class_list":["post-3309","page","type-page","status-publish","hentry"],"aioseo_notices":[],"_links":{"self":[{"href":"https:\/\/www.daio.web.tr\/rsm\/wp-json\/wp\/v2\/pages\/3309","targetHints":{"allow":["GET"]}}],"collection":[{"href":"https:\/\/www.daio.web.tr\/rsm\/wp-json\/wp\/v2\/pages"}],"about":[{"href":"https:\/\/www.daio.web.tr\/rsm\/wp-json\/wp\/v2\/types\/page"}],"author":[{"embeddable":true,"href":"https:\/\/www.daio.web.tr\/rsm\/wp-json\/wp\/v2\/users\/1"}],"replies":[{"embeddable":true,"href":"https:\/\/www.daio.web.tr\/rsm\/wp-json\/wp\/v2\/comments?post=3309"}],"version-history":[{"count":3,"href":"https:\/\/www.daio.web.tr\/rsm\/wp-json\/wp\/v2\/pages\/3309\/revisions"}],"predecessor-version":[{"id":3378,"href":"https:\/\/www.daio.web.tr\/rsm\/wp-json\/wp\/v2\/pages\/3309\/revisions\/3378"}],"wp:attachment":[{"href":"https:\/\/www.daio.web.tr\/rsm\/wp-json\/wp\/v2\/media?parent=3309"}],"curies":[{"name":"wp","href":"https:\/\/api.w.org\/{rel}","templated":true}]}}