{"id":3301,"date":"2017-02-17T11:25:28","date_gmt":"2017-02-17T09:25:28","guid":{"rendered":"http:\/\/www.daio.web.tr\/demo\/?page_id=3301"},"modified":"2018-02-19T12:49:19","modified_gmt":"2018-02-19T10:49:19","slug":"google-rehber-kayit","status":"publish","type":"page","link":"https:\/\/www.daio.web.tr\/rsm\/hizmetlerimiz\/google-rehber-kayit","title":{"rendered":"GOOGLE REHBER KAYIT"},"content":{"rendered":"<p><strong><img fetchpriority=\"high\" decoding=\"async\" class=\"size-full wp-image-3302 alignleft\" src=\"http:\/\/www.daio.web.tr\/wp-content\/uploads\/2017\/02\/google-rehber-kayit.png\" alt=\"google kay\u0131t\" width=\"256\" height=\"256\" srcset=\"https:\/\/www.daio.web.tr\/rsm\/wp-content\/uploads\/2017\/02\/google-rehber-kayit.png 256w, https:\/\/www.daio.web.tr\/rsm\/wp-content\/uploads\/2017\/02\/google-rehber-kayit-80x80.png 80w, https:\/\/www.daio.web.tr\/rsm\/wp-content\/uploads\/2017\/02\/google-rehber-kayit-36x36.png 36w, https:\/\/www.daio.web.tr\/rsm\/wp-content\/uploads\/2017\/02\/google-rehber-kayit-180x180.png 180w, https:\/\/www.daio.web.tr\/rsm\/wp-content\/uploads\/2017\/02\/google-rehber-kayit-120x120.png 120w\" sizes=\"(max-width: 256px) 100vw, 256px\" \/>Google Rehber kay\u0131t<\/strong> son zamanlarda de\u011fi\u015fen ve geli\u015fen <strong>Google <\/strong>arama altyap\u0131s\u0131yla \u00e7ok daha fazla \u00f6nem kazanmaya ba\u015flad\u0131. Google 2014 y\u0131l\u0131 i\u00e7erisinde rehber alt yap\u0131s\u0131n\u0131 ba\u015ftan a\u015fa\u011f\u0131ya de\u011fi\u015ftirip <strong>Google \u0130\u015f D\u00fcnyas\u0131 <\/strong>ismiyle sosyal medya a\u011f\u0131 Google Plus ile entegre bir yap\u0131ya b\u00fcr\u00fcnd\u00fcrd\u00fc. Art\u0131k rehber yeni ismiyle i\u015f d\u00fcnyas\u0131 sayfan\u0131zda firman\u0131zla ilgili geli\u015fmeleri payla\u015fabilirsiniz. Bu payla\u015f\u0131mlar\u0131n\u0131z arama sonu\u00e7 sayfas\u0131nda son geli\u015fmeler ba\u015fl\u0131\u011f\u0131 alt\u0131nda g\u00f6sterilmektedir. Firman\u0131z i\u00e7in \u00e7ok etkili bir arama sonu\u00e7 sayfas\u0131 ile geri d\u00f6n\u00fc\u015f\u00fcm\u00fc en \u00fcst d\u00fczeyde tutabilir rakiplerinizde bir de\u011fil birka\u00e7 ad\u0131m \u00f6ne ge\u00e7ebilirsiniz.<\/p>\n<p><strong>Google \u0130\u015f D\u00fcnyas\u0131<\/strong>na rehbere kayd\u0131n\u0131z yap\u0131ld\u0131ktan sonra sadece firman\u0131z\u0131n ismiyle yap\u0131lan aramalarda de\u011fil sekt\u00f6rel aramalarda da firman\u0131z\u0131n isim ve ileti\u015fim bilgileri yerel arama sonu\u00e7 sayfalar\u0131nda g\u00f6r\u00fcnt\u00fclenmektedir. Bu da internette \u00fccretsiz sekt\u00f6rel kelime bazl\u0131 aramalarda var olmak demektir.<\/p>\n<p><strong>Google \u0130\u015f D\u00fcnyas\u0131 rehber kayd\u0131<\/strong>n\u0131z yap\u0131l\u0131rken hizmet verdi\u011finiz s\u00f6kt\u00f6rler bilin\u00e7li ve do\u011fru se\u00e7ilmelidir.<\/p>\n<h2>Google Firma Bilgileri G\u00fcncelleme<\/h2>\n<p><img decoding=\"async\" class=\"alignright wp-image-4005 size-full\" src=\"http:\/\/www.daio.web.tr\/wp-content\/uploads\/2017\/02\/google-rehber-kaydi-.jpg\" alt=\"\" width=\"466\" height=\"540\" srcset=\"https:\/\/www.daio.web.tr\/rsm\/wp-content\/uploads\/2017\/02\/google-rehber-kaydi-.jpg 466w, https:\/\/www.daio.web.tr\/rsm\/wp-content\/uploads\/2017\/02\/google-rehber-kaydi--259x300.jpg 259w\" sizes=\"(max-width: 466px) 100vw, 466px\" \/><\/p>\n<p><em>Google rehber kayd\u0131<\/em> yap\u0131l\u0131rken sayfa i\u00e7i y\u00f6nergeler her ne kadar sizi y\u00f6nlendirse de yinede g\u00f6zden ka\u00e7an hususlar olabilir. Bu durumda m\u00fc\u015fterilerinize hatal\u0131 bilgiler vermi\u015f olursunuz.<\/p>\n<p>Yan tarafta g\u00f6rd\u00fc\u011f\u00fcn\u00fcz kay\u0131t bizim firmam\u0131za ait bi kay\u0131tt\u0131r. Bu kay\u0131t otomatik <strong>Google<\/strong> taraf\u0131ndan yap\u0131lan bi kay\u0131t de\u011fildir. Dolay\u0131s\u0131yla t\u00fcm alanlar ( telefon, web sitesi, \u00e7al\u0131\u015fma saatleri) eksiksiz girilmi\u015ftir. Cep telefonlar\u0131n yap\u0131lan aramalarda ARA ve Yol Tarifi butonlar\u0131 da \u00e7\u0131kmaktad\u0131r.<\/p>\n<h3>Google Rehber Kayd\u0131 \u0130\u00e7in Bize Ula\u015f\u0131n<\/h3>\n<p>Sizin de firman\u0131z\u0131n bu kayd\u0131 yap\u0131lacaksa ya da otomatik olu\u015fturulan kay\u0131tta de\u011fi\u015fiklikler yap\u0131lacaksa bize <a href=\"tel:02242213246\">0224 221 32 46<\/a> numaral\u0131 telefondan, sa\u011f alt k\u00f6\u015fede ki canl\u0131 destek k\u0131sm\u0131ndan ya da <a href=\"mailto:daio@daio.web.tr\">daio@daio.web.tr<\/a> mailinden ula\u015fabilirsiniz.<\/p>\n<p>&nbsp;<\/p>\n<p>&nbsp;<\/p>\n<p>&nbsp;<\/p>\n","protected":false},"excerpt":{"rendered":"<p>Google Rehber kay\u0131t son zamanlarda de\u011fi\u015fen ve geli\u015fen Google arama altyap\u0131s\u0131yla \u00e7ok daha fazla \u00f6nem kazanmaya ba\u015flad\u0131. Google 2014 y\u0131l\u0131 i\u00e7erisinde rehber alt yap\u0131s\u0131n\u0131 ba\u015ftan a\u015fa\u011f\u0131ya de\u011fi\u015ftirip Google \u0130\u015f D\u00fcnyas\u0131 ismiyle sosyal medya a\u011f\u0131 Google Plus ile entegre bir yap\u0131ya b\u00fcr\u00fcnd\u00fcrd\u00fc. Art\u0131k rehber yeni ismiyle i\u015f d\u00fcnyas\u0131 sayfan\u0131zda firman\u0131zla ilgili geli\u015fmeleri payla\u015fabilirsiniz. Bu payla\u015f\u0131mlar\u0131n\u0131z arama [&hellip;]<\/p>\n","protected":false},"author":1,"featured_media":0,"parent":3283,"menu_order":0,"comment_status":"closed","ping_status":"closed","template":"","meta":{"footnotes":""},"class_list":["post-3301","page","type-page","status-publish","hentry"],"aioseo_notices":[],"_links":{"self":[{"href":"https:\/\/www.daio.web.tr\/rsm\/wp-json\/wp\/v2\/pages\/3301","targetHints":{"allow":["GET"]}}],"collection":[{"href":"https:\/\/www.daio.web.tr\/rsm\/wp-json\/wp\/v2\/pages"}],"about":[{"href":"https:\/\/www.daio.web.tr\/rsm\/wp-json\/wp\/v2\/types\/page"}],"author":[{"embeddable":true,"href":"https:\/\/www.daio.web.tr\/rsm\/wp-json\/wp\/v2\/users\/1"}],"replies":[{"embeddable":true,"href":"https:\/\/www.daio.web.tr\/rsm\/wp-json\/wp\/v2\/comments?post=3301"}],"version-history":[{"count":5,"href":"https:\/\/www.daio.web.tr\/rsm\/wp-json\/wp\/v2\/pages\/3301\/revisions"}],"predecessor-version":[{"id":4008,"href":"https:\/\/www.daio.web.tr\/rsm\/wp-json\/wp\/v2\/pages\/3301\/revisions\/4008"}],"up":[{"embeddable":true,"href":"https:\/\/www.daio.web.tr\/rsm\/wp-json\/wp\/v2\/pages\/3283"}],"wp:attachment":[{"href":"https:\/\/www.daio.web.tr\/rsm\/wp-json\/wp\/v2\/media?parent=3301"}],"curies":[{"name":"wp","href":"https:\/\/api.w.org\/{rel}","templated":true}]}}