{"id":3294,"date":"2017-02-17T11:16:00","date_gmt":"2017-02-17T09:16:00","guid":{"rendered":"http:\/\/www.daio.web.tr\/demo\/?page_id=3294"},"modified":"2017-08-11T16:11:13","modified_gmt":"2017-08-11T13:11:13","slug":"google-reklam","status":"publish","type":"page","link":"https:\/\/www.daio.web.tr\/rsm\/hizmetlerimiz\/google-reklam","title":{"rendered":"GOOGLE REKLAM"},"content":{"rendered":"<p><img fetchpriority=\"high\" decoding=\"async\" class=\"aligncenter wp-image-3296 size-full\" src=\"http:\/\/www.daio.web.tr\/wp-content\/uploads\/2017\/02\/google-reklam.jpg\" width=\"942\" height=\"258\" srcset=\"https:\/\/www.daio.web.tr\/rsm\/wp-content\/uploads\/2017\/02\/google-reklam.jpg 942w, https:\/\/www.daio.web.tr\/rsm\/wp-content\/uploads\/2017\/02\/google-reklam-300x82.jpg 300w, https:\/\/www.daio.web.tr\/rsm\/wp-content\/uploads\/2017\/02\/google-reklam-768x210.jpg 768w, https:\/\/www.daio.web.tr\/rsm\/wp-content\/uploads\/2017\/02\/google-reklam-705x193.jpg 705w, https:\/\/www.daio.web.tr\/rsm\/wp-content\/uploads\/2017\/02\/google-reklam-450x123.jpg 450w\" sizes=\"(max-width: 942px) 100vw, 942px\" \/>Google Reklam Program\u0131 <strong>ADWords <\/strong>son 5-6 y\u0131ld\u0131r \u00fclkemizde \u00e7ok \u00e7e\u015fitli sekt\u00f6rler taraf\u0131ndan s\u0131kl\u0131kla kullan\u0131lan internet reklam mecras\u0131d\u0131r. \u0130nternet kullan\u0131m\u0131n\u0131n son 10 y\u0131lda \u00f6zellikle ciddi art\u0131\u015flar g\u00f6stermesi insanlar\u0131 internetten al\u0131\u015fveri\u015fe y\u00f6nlendirdi. Bu ba\u011flamda firmalar \u00fcr\u00fcnlerini satmak i\u00e7in <strong>ADWords <\/strong>program\u0131n\u0131 kullanarak anahtar kelime bazl\u0131 reklamlar sayesinde tam ve do\u011fru hedef kitlelerine ula\u015fmaktad\u0131rlar. Sadece \u00fcr\u00fcnlerini arayan ki\u015filere reklamlar\u0131n\u0131 g\u00f6stererek hem zaman hemde para tasarrufu etmektedirler.<\/p>\n<p><strong>Google Reklam Nas\u0131l Verilir?<\/strong><br \/>\n<img decoding=\"async\" class=\"size-full wp-image-3295 alignleft\" src=\"http:\/\/www.daio.web.tr\/wp-content\/uploads\/2017\/02\/google-reklam-vermek.jpg\" alt=\"\" width=\"71\" height=\"132\" \/>Google reklam vermek i\u00e7in birka\u00e7 a\u015famdan olu\u015fan \u00e7al\u0131\u015fmalar\u0131 yapman\u0131z gereklidir. \u00d6ncelikle Gmail hesab\u0131 olu\u015fturman\u0131z gereklidir. Bu hesapla ADWords.com adresinden <strong>Google reklam <\/strong>program\u0131na kay\u0131t yap\u0131p oturum a\u00e7mal\u0131s\u0131n\u0131z. Art\u0131k reklam vermeye haz\u0131rs\u0131n\u0131z.<\/p>\n<p>ADWords&#8217;te ilk a\u00e7\u0131l\u0131\u015f ekran\u0131nda &#8220;\u0130lk Kampanyan\u0131z\u0131 Olu\u015fturun&#8221; ba\u015fl\u0131\u011f\u0131 alt\u0131nda ilk kampanya isminizi ve metninizi haz\u0131rlay\u0131n. Daha sonras\u0131nda reklam\u0131n\u0131z i\u00e7in siteniz i\u00e7in en uygun hedef kitlenizin arayabilece\u011fi \u00fcr\u00fcnlerinizi satmak i\u00e7in ya da firman\u0131z\u0131 tan\u0131tmak i\u00e7in kullan\u0131labilecek en uygun anahtar kelimeleri belirleyin. Bu a\u015famada Google taraf\u0131ndan tavsiye edilen anahtar kelimeleri mutlaka de\u011ferlendirin. Son olarak fatura bilgilerinizi de girerek \u00f6demenizi yap\u0131p reklamlar\u0131n\u0131z\u0131n onaylanmas\u0131n\u0131 bekleyin. Reklamlar\u0131n\u0131zda sak\u0131ncal\u0131 Google reklam program\u0131na uygun olmayan bir durum yoksa en ge\u00e7 2 g\u00fcn i\u00e7erisinde onaylan\u0131p reklamlar\u0131n\u0131z yay\u0131nlanmaya ba\u015flayacakt\u0131r. Art\u0131k yapman\u0131z gereken sitenize gelen potansiyel m\u00fc\u015fterilerinizi ikna etmek ve \u00fcr\u00fcnlerinizi satmak.<\/p>\n<p>DAIO \u0130nteraktif Hizmetler <strong>Google Reklam<\/strong> \u00e7al\u0131\u015fmalar\u0131n\u0131z\u0131n t\u00fcm a\u015famalar\u0131n\u0131nda sizin yan\u0131n\u0131zda. Y\u0131ll\u0131k c\u00fczzi bir reklam dan\u0131\u015fmanl\u0131k \u00fccretiyle t\u00fcm reklamlar\u0131n\u0131z\u0131 kampanyalar\u0131n\u0131z\u0131 olu\u015fturup sonras\u0131nda takibini yap\u0131yoruz. B\u00f6ylelikle de\u011fi\u015fen anahtar kelimeleri ve teklifleri ka\u00e7\u0131rmadan en az \u00fccretle en \u00e7ok t\u0131klama alm\u0131\u015f oluyorsunuz. Google reklam \u00e7al\u0131\u015fmalar\u0131 i\u00e7in bize 0224 221 32 46 numaral\u0131 telefondan ya da <a href=\"mailto:daio@daio.web.tr\">daio@daio.web.tr<\/a> mailinden ula\u015fabilirsiniz.<\/p>\n","protected":false},"excerpt":{"rendered":"<p>Google Reklam Program\u0131 ADWords son 5-6 y\u0131ld\u0131r \u00fclkemizde \u00e7ok \u00e7e\u015fitli sekt\u00f6rler taraf\u0131ndan s\u0131kl\u0131kla kullan\u0131lan internet reklam mecras\u0131d\u0131r. \u0130nternet kullan\u0131m\u0131n\u0131n son 10 y\u0131lda \u00f6zellikle ciddi art\u0131\u015flar g\u00f6stermesi insanlar\u0131 internetten al\u0131\u015fveri\u015fe y\u00f6nlendirdi. Bu ba\u011flamda firmalar \u00fcr\u00fcnlerini satmak i\u00e7in ADWords program\u0131n\u0131 kullanarak anahtar kelime bazl\u0131 reklamlar sayesinde tam ve do\u011fru hedef kitlelerine ula\u015fmaktad\u0131rlar. Sadece \u00fcr\u00fcnlerini arayan ki\u015filere reklamlar\u0131n\u0131 [&hellip;]<\/p>\n","protected":false},"author":1,"featured_media":0,"parent":3283,"menu_order":0,"comment_status":"closed","ping_status":"closed","template":"","meta":{"footnotes":""},"class_list":["post-3294","page","type-page","status-publish","hentry"],"aioseo_notices":[],"_links":{"self":[{"href":"https:\/\/www.daio.web.tr\/rsm\/wp-json\/wp\/v2\/pages\/3294","targetHints":{"allow":["GET"]}}],"collection":[{"href":"https:\/\/www.daio.web.tr\/rsm\/wp-json\/wp\/v2\/pages"}],"about":[{"href":"https:\/\/www.daio.web.tr\/rsm\/wp-json\/wp\/v2\/types\/page"}],"author":[{"embeddable":true,"href":"https:\/\/www.daio.web.tr\/rsm\/wp-json\/wp\/v2\/users\/1"}],"replies":[{"embeddable":true,"href":"https:\/\/www.daio.web.tr\/rsm\/wp-json\/wp\/v2\/comments?post=3294"}],"version-history":[{"count":4,"href":"https:\/\/www.daio.web.tr\/rsm\/wp-json\/wp\/v2\/pages\/3294\/revisions"}],"predecessor-version":[{"id":3965,"href":"https:\/\/www.daio.web.tr\/rsm\/wp-json\/wp\/v2\/pages\/3294\/revisions\/3965"}],"up":[{"embeddable":true,"href":"https:\/\/www.daio.web.tr\/rsm\/wp-json\/wp\/v2\/pages\/3283"}],"wp:attachment":[{"href":"https:\/\/www.daio.web.tr\/rsm\/wp-json\/wp\/v2\/media?parent=3294"}],"curies":[{"name":"wp","href":"https:\/\/api.w.org\/{rel}","templated":true}]}}