{"id":3291,"date":"2017-02-17T11:13:12","date_gmt":"2017-02-17T09:13:12","guid":{"rendered":"http:\/\/www.daio.web.tr\/demo\/?page_id=3291"},"modified":"2024-04-05T10:57:27","modified_gmt":"2024-04-05T07:57:27","slug":"google-seo","status":"publish","type":"page","link":"https:\/\/www.daio.web.tr\/rsm\/hizmetlerimiz\/google-seo","title":{"rendered":"GOOGLE SEO"},"content":{"rendered":"<h2><a href=\"https:\/\/www.daio.web.tr\/wp-content\/uploads\/2017\/02\/bursa-seo-1.jpg\" rel=\"lightbox\"><img fetchpriority=\"high\" decoding=\"async\" class=\"size-full wp-image-4130 aligncenter\" src=\"https:\/\/www.daio.web.tr\/wp-content\/uploads\/2017\/02\/bursa-seo-1.jpg\" alt=\"\" width=\"915\" height=\"300\" srcset=\"https:\/\/www.daio.web.tr\/rsm\/wp-content\/uploads\/2017\/02\/bursa-seo-1.jpg 915w, https:\/\/www.daio.web.tr\/rsm\/wp-content\/uploads\/2017\/02\/bursa-seo-1-300x98.jpg 300w, https:\/\/www.daio.web.tr\/rsm\/wp-content\/uploads\/2017\/02\/bursa-seo-1-768x252.jpg 768w\" sizes=\"(max-width: 915px) 100vw, 915px\" \/><\/a><\/h2>\n<figure id=\"attachment_3292\" aria-describedby=\"caption-attachment-3292\" style=\"width: 250px\" class=\"wp-caption alignleft\"><img decoding=\"async\" class=\"wp-image-3292 size-full\" src=\"https:\/\/www.daio.web.tr\/wp-content\/uploads\/2017\/02\/google-seo.jpg\" alt=\"bursa seo\" width=\"250\" height=\"190\" \/><figcaption id=\"caption-attachment-3292\" class=\"wp-caption-text\">Bursa Kurumsal SEO<\/figcaption><\/figure>\n<h2>Google Bursa SEO Dan\u0131\u015fmanl\u0131k Hizmetleri<\/h2>\n<p>Google Bursa rehber sonu\u00e7lar\u0131nda firman\u0131z\u0131n bilgilerini g\u00fcncelletmek istiyorsan\u0131z bizi <a href=\"tel:02242213246\"><strong>0224 221 32 46<\/strong><\/a> numaral\u0131 telefondan arayabilirsiniz.<\/p>\n<p>Google&#8217;da Bursa SEO ile arama sonu\u00e7lar\u0131nda y\u00fckselmek istiyorsan\u0131z a\u015fa\u011f\u0131da \u00e7al\u0131\u015fmam\u0131zdan k\u0131saca bahsettik.<\/p>\n<h3>SEO Nedir?<\/h3>\n<p><strong>SEO<\/strong>&#8216;nun a\u00e7\u0131l\u0131m\u0131 &#8220;<strong>arama motoru optimizasyonu<\/strong>&#8221; dur. SEO, &#8220;\u00f6zg\u00fcr&#8221;, &#8220;organik&#8221;, &#8220;editoryal&#8221; olarak arama motorlar\u0131ndan &#8220;do\u011fal yollarla&#8221; ziyaret\u00e7i trafi\u011fi alma i\u015flemidir. Google, Yahoo ve Bing gibi b\u00fct\u00fcn b\u00fcy\u00fck arama motorlar\u0131 temelde ayn\u0131 prensiple \u00e7al\u0131\u015f\u0131r. Arama yapan kullan\u0131c\u0131lar\u0131na en do\u011fru en do\u011fal ve en g\u00fcncel i\u00e7eriklere sahip web sayfalar\u0131n\u0131 listeler ve bu web sayfalar\u0131n\u0131 belirli zaman aral\u0131klar\u0131yla i\u00e7erik kontrol\u00fcne tabi tutar.<\/p>\n<p><em>Google Bursa SEO<\/em> firmas\u0131 olarak y\u0131llard\u0131r hizmet verdi\u011fimiz bu sekt\u00f6rde sizlerin yan\u0131nday\u0131z. \u0130\u015fimizi ciddiyetle Google ne istiyorsa o do\u011frultuda yap\u0131yor ve tamamen \u015feffaf bir \u015fekilde Bursa kurumsal SEO \u00e7al\u0131\u015fmalar\u0131m\u0131z\u0131 s\u00fcrd\u00fcr\u00fcyoruz.<\/p>\n<p>SEO, arama motorlar\u0131n\u0131n web sayfalar\u0131n\u0131 nas\u0131l de\u011ferlendirece\u011fini anlamak ve web sayfalar\u0131n\u0131n arama motorlar\u0131 taraf\u0131ndan daha iyi anla\u015f\u0131lmas\u0131n\u0131 sa\u011flamak i\u00e7in yap\u0131lan i\u015flemleri ifade eder. Bu i\u015flemler aras\u0131nda en \u00f6nemlileri \u015funlard\u0131r:<\/p>\n<ol>\n<li><strong>\u0130\u00e7erik Optimizasyonu<\/strong>: Arama motorlar\u0131 i\u00e7in anahtar kelime yo\u011funlu\u011fu, ba\u015fl\u0131k etiketleri, alt etiketleri ve meta a\u00e7\u0131klamalar\u0131 gibi i\u00e7erik ile ilgili fakt\u00f6rleri optimize etmektir. <strong>Bursa kurumsal SEO<\/strong> \u00e7al\u0131\u015fmalar\u0131nda en \u00f6nemli ad\u0131mlardan biri i\u00e7eriktir.<\/li>\n<li><strong>Ba\u011flant\u0131 Optimizasyonu<\/strong>: Web sayfalar\u0131 aras\u0131ndaki ba\u011flant\u0131lar\u0131n do\u011fru \u015fekilde kurulmas\u0131 ve d\u00fczenlenmesi ile arama motorlar\u0131 taraf\u0131ndan daha iyi anla\u015f\u0131lmas\u0131n\u0131 sa\u011flamakt\u0131r.<\/li>\n<li><strong>Teknik Optimizasyon<\/strong>: Web sayfas\u0131n\u0131n yap\u0131s\u0131, h\u0131z\u0131 ve mobil uyumlulu\u011fu gibi teknik fakt\u00f6rleri optimize etmektir.<\/li>\n<li><strong>Sosyal Medya<\/strong>: Sosyal medya platformlar\u0131ndaki etkile\u015fim ve payla\u015f\u0131mlar\u0131n arama motorlar\u0131 taraf\u0131ndan de\u011ferlendirilmesi.<\/li>\n<li><strong>Kullan\u0131c\u0131 Deneyimi<\/strong>: Kullan\u0131c\u0131lar\u0131n web sayfas\u0131n\u0131 kolayca kullanmas\u0131n\u0131 ve i\u00e7eri\u011fi bulmas\u0131n\u0131 sa\u011flamak.<\/li>\n<\/ol>\n<p>SEO, s\u00fcrekli olarak de\u011fi\u015fen arama algoritmalar\u0131na g\u00f6re g\u00fcncellenmelidir. Bu nedenle, SEO i\u015flemleri s\u00fcrekli olarak takip edilmeli ve g\u00fcncellenmelidir.<\/p>\n<h4>Google SEO Nas\u0131l Yap\u0131l\u0131r?<\/h4>\n<p>\u00d6ncelikle <strong>Google SEO<\/strong> \u00e7al\u0131\u015fmalar\u0131na ba\u015flamadan web sitenizin alt yap\u0131s\u0131n\u0131n kodlamas\u0131n\u0131n ve ilk sayfaya \u00e7\u0131kmak istedi\u011finiz arama terimleri bak\u0131m\u0131ndan i\u00e7eriklerin uygun olup olmad\u0131\u011f\u0131n\u0131n incelenmesi gerekir. Siz sitenize <strong>SEO <\/strong>ile ilgili bir i\u00e7erik girdiniz ama bunu ba\u015fka sitelerden kopyalayarak yapt\u0131n\u0131z, i\u015fte bu <strong>Google SEO<\/strong> i\u00e7in yap\u0131lacak en b\u00fcy\u00fck hatad\u0131r. Siz art\u0131k Google g\u00f6z\u00fcnde kopyac\u0131 ve kalitesiz bir sitesinizdir. Dolay\u0131s\u0131yla i\u00e7erikleriniz size \u00f6zel ve orjinal olmal\u0131d\u0131r.<\/p>\n<figure id=\"attachment_4000\" aria-describedby=\"caption-attachment-4000\" style=\"width: 240px\" class=\"wp-caption alignright\"><img decoding=\"async\" class=\"size-full wp-image-4000\" src=\"http:\/\/www.daio.web.tr\/wp-content\/uploads\/2017\/02\/bursa-seo.jpg\" alt=\"\" width=\"240\" height=\"213\" \/><figcaption id=\"caption-attachment-4000\" class=\"wp-caption-text\">Bursa SEO Firmas\u0131<\/figcaption><\/figure>\n<p>Sitenizin alt yap\u0131s\u0131 ve i\u00e7erikleriniz <strong>SEO <\/strong>\u00e7al\u0131\u015fmas\u0131na uygun hale getirildikten sonra hangi arama terimlerinde ilk sayfaya \u00e7\u0131kmak istedi\u011finiz ve bu arama terimlerinin sitenizde ki yo\u011funlu\u011fu incelenir. Uygun terimler i\u00e7in \u00e7al\u0131\u015fmalar ba\u015flat\u0131l\u0131r.<\/p>\n<p>SEO da en etkin y\u00f6ntem referans y\u00f6ntemidir. <strong>Baclink <\/strong>olarak tabir edilen ba\u015fka sitelerin sitenize link vermesi yani referans olmas\u0131 \u00e7ok etkilidir. Tabi burada ba\u011flant\u0131 veren sitenin i\u00e7eri\u011fi ve arama motorlar\u0131 a\u00e7\u0131s\u0131ndan durumunun nas\u0131l oldu\u011fu \u00e7ok m\u00fchimdir. Kalitesiz alakas\u0131z sitelerden alaca\u011f\u0131n\u0131z referanslar ters etki yapabilir. Ayr\u0131ca <strong>sosyal medya<\/strong> sitelerinde sitenizin yer almas\u0131 da SEO&#8217;ya \u00e7ok katk\u0131 sa\u011flamaktad\u0131r.<\/p>\n<p>Unutmay\u0131n emek verilmemi\u015f ve zaman harcanmam\u0131\u015f bir <strong><em>SEO <\/em>\u00e7al\u0131\u015fmas\u0131<\/strong> size yarar de\u011fil zarar verir. Arama terimlerinin rekabet oran\u0131 ilk sayfaya \u00e7\u0131kma s\u00fcrenizi etkilese de do\u011fru y\u00f6ntemlerle yap\u0131lm\u0131\u015f bir <strong>SEO<\/strong> er ya da ge\u00e7 etki g\u00f6sterecektir. <strong>Bursa SEO<\/strong> firmas\u0131 DAIO \u0130nteraktif Hizmetler olarak sitenize <strong>SEO<\/strong> yapmaya sizleri y\u00fckseltmeye haz\u0131r\u0131z.<\/p>\n<p><strong><a href=\"http:\/\/www.daio.web.tr\/hizmetlerimiz\/google-rehber-kayit\">Google Harita Kayd\u0131<\/a><\/strong> sayfam\u0131zdan yerel arama sonu\u00e7lar\u0131nda \u00e7\u0131kan firman\u0131z\u0131n bilgilerinin g\u00fcncellenmesi ya da yeni kay\u0131t yap\u0131lmas\u0131yla ilgili detayl\u0131 bilgi alabilirsiniz.<\/p>\n<p><a href=\"https:\/\/www.daio.web.tr\/bursa-sosyal-medya-yonetimi\">Bursa Sosyal Medya Y\u00f6netimi<\/a> sayfam\u0131zdan sosyal medya y\u00f6netimi konusunda bilgi alabilirsiniz.<\/p>\n\n<div class=\"wpcf7 no-js\" id=\"wpcf7-f3824-o1\" lang=\"tr-TR\" dir=\"ltr\" data-wpcf7-id=\"3824\">\n<div class=\"screen-reader-response\"><p role=\"status\" aria-live=\"polite\" aria-atomic=\"true\"><\/p> <ul><\/ul><\/div>\n<form action=\"\/rsm\/wp-json\/wp\/v2\/pages\/3291#wpcf7-f3824-o1\" method=\"post\" class=\"wpcf7-form init cf7skins cf7t-event cf7s-caspar\" aria-label=\"\u0130leti\u015fim Formu\" novalidate=\"novalidate\" data-status=\"init\">\n<div style=\"display: none;\">\n<input type=\"hidden\" name=\"_wpcf7\" value=\"3824\" \/>\n<input type=\"hidden\" name=\"_wpcf7_version\" value=\"6.0.3\" \/>\n<input type=\"hidden\" name=\"_wpcf7_locale\" value=\"tr_TR\" \/>\n<input type=\"hidden\" name=\"_wpcf7_unit_tag\" value=\"wpcf7-f3824-o1\" \/>\n<input type=\"hidden\" name=\"_wpcf7_container_post\" value=\"0\" \/>\n<input type=\"hidden\" name=\"_wpcf7_posted_data_hash\" value=\"\" \/>\n<\/div>\n<fieldset>\n\t<legend>Bilgileri Eksiksiz Doldurup Bize \u0130letin En K\u0131sa S\u00fcrede Size Uala\u015fal\u0131m<\/legend>\n\t<ol>\n\t\t<li><label for=''>Ad\u0131n\u0131z <em class=\"cf7s-reqd\">*<\/em> <\/label><span class=\"wpcf7-form-control-wrap\" data-name=\"text-919\"><input size=\"40\" maxlength=\"400\" class=\"wpcf7-form-control wpcf7-text wpcf7-validates-as-required\" aria-required=\"true\" aria-invalid=\"false\" value=\"\" type=\"text\" name=\"text-919\" \/><\/span><\/li>\n\t\t<li><label for=''>Email Adresiniz <em class=\"cf7s-reqd\">*<\/em> <\/label><span class=\"wpcf7-form-control-wrap\" data-name=\"email-567\"><input size=\"40\" maxlength=\"400\" class=\"wpcf7-form-control wpcf7-email wpcf7-validates-as-required wpcf7-text wpcf7-validates-as-email\" aria-required=\"true\" aria-invalid=\"false\" value=\"\" type=\"email\" name=\"email-567\" \/><\/span><\/li>\n\t\t<li><label for=''>Mesaj\u0131n\u0131z <\/label><span class=\"wpcf7-form-control-wrap\" data-name=\"textarea-127\"><textarea cols=\"40\" rows=\"10\" maxlength=\"2000\" class=\"wpcf7-form-control wpcf7-textarea\" aria-invalid=\"false\" name=\"textarea-127\"><\/textarea><\/span><\/li>\n\t<\/ol>\n\t<p>\n\t<\/p>\n<\/fieldset>\n<span class=\"wpcf7-form-control-wrap\" data-name=\"quiz-31\"><label><span class=\"wpcf7-quiz-label\">Bursa&#039;n\u0131n Plaka Numaras\u0131n\u0131 Yaz\u0131n<\/span> <input size=\"40\" class=\"wpcf7-form-control wpcf7-quiz plak\" autocomplete=\"off\" aria-required=\"true\" aria-invalid=\"false\" type=\"text\" name=\"quiz-31\" \/><\/label><input type=\"hidden\" name=\"_wpcf7_quiz_answer_quiz-31\" value=\"0efd3ee0a2fef550deda176bb97ae0d3\" \/><\/span>\n<input class=\"wpcf7-form-control wpcf7-submit has-spinner\" type=\"submit\" value=\"G\u00d6NDER\" \/><div class=\"wpcf7-response-output\" aria-hidden=\"true\"><\/div>\n<\/form>\n<\/div>\n\n","protected":false},"excerpt":{"rendered":"<p>Google Bursa SEO Dan\u0131\u015fmanl\u0131k Hizmetleri Google Bursa rehber sonu\u00e7lar\u0131nda firman\u0131z\u0131n bilgilerini g\u00fcncelletmek istiyorsan\u0131z bizi 0224 221 32 46 numaral\u0131 telefondan arayabilirsiniz. Google&#8217;da Bursa SEO ile arama sonu\u00e7lar\u0131nda y\u00fckselmek istiyorsan\u0131z a\u015fa\u011f\u0131da \u00e7al\u0131\u015fmam\u0131zdan k\u0131saca bahsettik. SEO Nedir? SEO&#8216;nun a\u00e7\u0131l\u0131m\u0131 &#8220;arama motoru optimizasyonu&#8221; dur. SEO, &#8220;\u00f6zg\u00fcr&#8221;, &#8220;organik&#8221;, &#8220;editoryal&#8221; olarak arama motorlar\u0131ndan &#8220;do\u011fal yollarla&#8221; ziyaret\u00e7i trafi\u011fi alma i\u015flemidir. Google, [&hellip;]<\/p>\n","protected":false},"author":1,"featured_media":0,"parent":3283,"menu_order":0,"comment_status":"closed","ping_status":"closed","template":"","meta":{"footnotes":""},"class_list":["post-3291","page","type-page","status-publish","hentry"],"aioseo_notices":[],"_links":{"self":[{"href":"https:\/\/www.daio.web.tr\/rsm\/wp-json\/wp\/v2\/pages\/3291","targetHints":{"allow":["GET"]}}],"collection":[{"href":"https:\/\/www.daio.web.tr\/rsm\/wp-json\/wp\/v2\/pages"}],"about":[{"href":"https:\/\/www.daio.web.tr\/rsm\/wp-json\/wp\/v2\/types\/page"}],"author":[{"embeddable":true,"href":"https:\/\/www.daio.web.tr\/rsm\/wp-json\/wp\/v2\/users\/1"}],"replies":[{"embeddable":true,"href":"https:\/\/www.daio.web.tr\/rsm\/wp-json\/wp\/v2\/comments?post=3291"}],"version-history":[{"count":15,"href":"https:\/\/www.daio.web.tr\/rsm\/wp-json\/wp\/v2\/pages\/3291\/revisions"}],"predecessor-version":[{"id":4466,"href":"https:\/\/www.daio.web.tr\/rsm\/wp-json\/wp\/v2\/pages\/3291\/revisions\/4466"}],"up":[{"embeddable":true,"href":"https:\/\/www.daio.web.tr\/rsm\/wp-json\/wp\/v2\/pages\/3283"}],"wp:attachment":[{"href":"https:\/\/www.daio.web.tr\/rsm\/wp-json\/wp\/v2\/media?parent=3291"}],"curies":[{"name":"wp","href":"https:\/\/api.w.org\/{rel}","templated":true}]}}