{"id":3278,"date":"2017-02-17T11:00:13","date_gmt":"2017-02-17T09:00:13","guid":{"rendered":"http:\/\/www.daio.web.tr\/demo\/?page_id=3278"},"modified":"2025-02-11T13:37:50","modified_gmt":"2025-02-11T10:37:50","slug":"referanslarimiz","status":"publish","type":"page","link":"https:\/\/www.daio.web.tr\/rsm\/referanslarimiz","title":{"rendered":"REFERANSLARIMIZ"},"content":{"rendered":"<p>10 Y\u0131lda pek \u00e7ok firmaya hizmet verdik. DAIO Web Tasar\u0131m olarak bunlardan birka\u00e7\u0131n\u0131 a\u015fa\u011f\u0131da be\u011feninize sunuyoruz. Sizde bu sayfada yer almak ve en g\u00fczel en son referans\u0131m\u0131z olmak isterseniz bize ula\u015f\u0131n..<\/p>\n<p><img fetchpriority=\"high\" decoding=\"async\" class=\"alignnone size-full wp-image-4172\" src=\"https:\/\/www.daio.web.tr\/wp-content\/uploads\/2017\/02\/medicabil-hastanesi-bursa.jpg\" alt=\"\" width=\"300\" height=\"300\" srcset=\"https:\/\/www.daio.web.tr\/rsm\/wp-content\/uploads\/2017\/02\/medicabil-hastanesi-bursa.jpg 300w, https:\/\/www.daio.web.tr\/rsm\/wp-content\/uploads\/2017\/02\/medicabil-hastanesi-bursa-250x250.jpg 250w, https:\/\/www.daio.web.tr\/rsm\/wp-content\/uploads\/2017\/02\/medicabil-hastanesi-bursa-100x100.jpg 100w\" sizes=\"(max-width: 300px) 100vw, 300px\" \/>\u00a0<img decoding=\"async\" class=\"alignnone wp-image-4187 size-full\" src=\"https:\/\/www.daio.web.tr\/wp-content\/uploads\/2017\/02\/degirmenciler.png\" alt=\"\" width=\"300\" height=\"300\" srcset=\"https:\/\/www.daio.web.tr\/rsm\/wp-content\/uploads\/2017\/02\/degirmenciler.png 300w, https:\/\/www.daio.web.tr\/rsm\/wp-content\/uploads\/2017\/02\/degirmenciler-250x250.png 250w, https:\/\/www.daio.web.tr\/rsm\/wp-content\/uploads\/2017\/02\/degirmenciler-100x100.png 100w\" sizes=\"(max-width: 300px) 100vw, 300px\" \/> <img decoding=\"async\" class=\"alignnone size-full wp-image-4018\" src=\"https:\/\/www.daio.web.tr\/wp-content\/uploads\/2017\/02\/2-tan-ok.jpg\" alt=\"\" width=\"300\" height=\"300\" srcset=\"https:\/\/www.daio.web.tr\/rsm\/wp-content\/uploads\/2017\/02\/2-tan-ok.jpg 300w, https:\/\/www.daio.web.tr\/rsm\/wp-content\/uploads\/2017\/02\/2-tan-ok-250x250.jpg 250w, https:\/\/www.daio.web.tr\/rsm\/wp-content\/uploads\/2017\/02\/2-tan-ok-100x100.jpg 100w\" sizes=\"(max-width: 300px) 100vw, 300px\" \/> <img loading=\"lazy\" decoding=\"async\" class=\"alignnone size-full wp-image-4019\" src=\"https:\/\/www.daio.web.tr\/wp-content\/uploads\/2017\/02\/3-yedirenkli-c.jpg\" alt=\"\" width=\"300\" height=\"300\" srcset=\"https:\/\/www.daio.web.tr\/rsm\/wp-content\/uploads\/2017\/02\/3-yedirenkli-c.jpg 300w, https:\/\/www.daio.web.tr\/rsm\/wp-content\/uploads\/2017\/02\/3-yedirenkli-c-250x250.jpg 250w, https:\/\/www.daio.web.tr\/rsm\/wp-content\/uploads\/2017\/02\/3-yedirenkli-c-100x100.jpg 100w\" sizes=\"(max-width: 300px) 100vw, 300px\" \/> <img loading=\"lazy\" decoding=\"async\" class=\"alignnone size-full wp-image-4173\" src=\"https:\/\/www.daio.web.tr\/wp-content\/uploads\/2017\/02\/medicabil-evde-bakim.jpg\" alt=\"\" width=\"300\" height=\"300\" srcset=\"https:\/\/www.daio.web.tr\/rsm\/wp-content\/uploads\/2017\/02\/medicabil-evde-bakim.jpg 300w, https:\/\/www.daio.web.tr\/rsm\/wp-content\/uploads\/2017\/02\/medicabil-evde-bakim-250x250.jpg 250w, https:\/\/www.daio.web.tr\/rsm\/wp-content\/uploads\/2017\/02\/medicabil-evde-bakim-100x100.jpg 100w\" sizes=\"(max-width: 300px) 100vw, 300px\" \/> <img loading=\"lazy\" decoding=\"async\" class=\"alignnone size-full wp-image-4022\" src=\"https:\/\/www.daio.web.tr\/wp-content\/uploads\/2017\/02\/5-tiara-t.jpg\" alt=\"\" width=\"300\" height=\"300\" srcset=\"https:\/\/www.daio.web.tr\/rsm\/wp-content\/uploads\/2017\/02\/5-tiara-t.jpg 300w, https:\/\/www.daio.web.tr\/rsm\/wp-content\/uploads\/2017\/02\/5-tiara-t-250x250.jpg 250w, https:\/\/www.daio.web.tr\/rsm\/wp-content\/uploads\/2017\/02\/5-tiara-t-100x100.jpg 100w\" sizes=\"(max-width: 300px) 100vw, 300px\" \/> <img loading=\"lazy\" decoding=\"async\" class=\"alignnone size-full wp-image-4023\" src=\"https:\/\/www.daio.web.tr\/wp-content\/uploads\/2017\/02\/6-derma.jpg\" alt=\"\" width=\"300\" height=\"300\" srcset=\"https:\/\/www.daio.web.tr\/rsm\/wp-content\/uploads\/2017\/02\/6-derma.jpg 300w, https:\/\/www.daio.web.tr\/rsm\/wp-content\/uploads\/2017\/02\/6-derma-250x250.jpg 250w, https:\/\/www.daio.web.tr\/rsm\/wp-content\/uploads\/2017\/02\/6-derma-100x100.jpg 100w\" sizes=\"(max-width: 300px) 100vw, 300px\" \/> <img loading=\"lazy\" decoding=\"async\" class=\"alignnone size-full wp-image-4024\" src=\"https:\/\/www.daio.web.tr\/wp-content\/uploads\/2017\/02\/7-sadekra.jpg\" alt=\"\" width=\"300\" height=\"300\" srcset=\"https:\/\/www.daio.web.tr\/rsm\/wp-content\/uploads\/2017\/02\/7-sadekra.jpg 300w, https:\/\/www.daio.web.tr\/rsm\/wp-content\/uploads\/2017\/02\/7-sadekra-250x250.jpg 250w, https:\/\/www.daio.web.tr\/rsm\/wp-content\/uploads\/2017\/02\/7-sadekra-100x100.jpg 100w\" sizes=\"(max-width: 300px) 100vw, 300px\" \/> <img loading=\"lazy\" decoding=\"async\" class=\"alignnone size-full wp-image-4026\" src=\"https:\/\/www.daio.web.tr\/wp-content\/uploads\/2017\/02\/8-seydiseh.jpg\" alt=\"\" width=\"300\" height=\"300\" srcset=\"https:\/\/www.daio.web.tr\/rsm\/wp-content\/uploads\/2017\/02\/8-seydiseh.jpg 300w, https:\/\/www.daio.web.tr\/rsm\/wp-content\/uploads\/2017\/02\/8-seydiseh-250x250.jpg 250w, https:\/\/www.daio.web.tr\/rsm\/wp-content\/uploads\/2017\/02\/8-seydiseh-100x100.jpg 100w\" sizes=\"(max-width: 300px) 100vw, 300px\" \/> <img loading=\"lazy\" decoding=\"async\" class=\"alignnone size-full wp-image-4027\" src=\"https:\/\/www.daio.web.tr\/wp-content\/uploads\/2017\/02\/9-ilgin-to.jpg\" alt=\"\" width=\"300\" height=\"300\" srcset=\"https:\/\/www.daio.web.tr\/rsm\/wp-content\/uploads\/2017\/02\/9-ilgin-to.jpg 300w, https:\/\/www.daio.web.tr\/rsm\/wp-content\/uploads\/2017\/02\/9-ilgin-to-250x250.jpg 250w, https:\/\/www.daio.web.tr\/rsm\/wp-content\/uploads\/2017\/02\/9-ilgin-to-100x100.jpg 100w\" sizes=\"(max-width: 300px) 100vw, 300px\" \/> <img loading=\"lazy\" decoding=\"async\" class=\"alignnone size-full wp-image-4028\" src=\"https:\/\/www.daio.web.tr\/wp-content\/uploads\/2017\/02\/10-laya.jpg\" alt=\"\" width=\"300\" height=\"300\" srcset=\"https:\/\/www.daio.web.tr\/rsm\/wp-content\/uploads\/2017\/02\/10-laya.jpg 300w, https:\/\/www.daio.web.tr\/rsm\/wp-content\/uploads\/2017\/02\/10-laya-250x250.jpg 250w, https:\/\/www.daio.web.tr\/rsm\/wp-content\/uploads\/2017\/02\/10-laya-100x100.jpg 100w\" sizes=\"(max-width: 300px) 100vw, 300px\" \/><img loading=\"lazy\" decoding=\"async\" class=\"alignnone size-full wp-image-4030\" src=\"https:\/\/www.daio.web.tr\/wp-content\/uploads\/2017\/02\/yansi.jpg\" alt=\"\" width=\"300\" height=\"300\" srcset=\"https:\/\/www.daio.web.tr\/rsm\/wp-content\/uploads\/2017\/02\/yansi.jpg 300w, https:\/\/www.daio.web.tr\/rsm\/wp-content\/uploads\/2017\/02\/yansi-250x250.jpg 250w, https:\/\/www.daio.web.tr\/rsm\/wp-content\/uploads\/2017\/02\/yansi-100x100.jpg 100w\" sizes=\"(max-width: 300px) 100vw, 300px\" \/> <img loading=\"lazy\" decoding=\"async\" class=\"alignnone size-full wp-image-4084\" src=\"https:\/\/www.daio.web.tr\/wp-content\/uploads\/2017\/02\/polat.jpg\" alt=\"\" width=\"300\" height=\"300\" srcset=\"https:\/\/www.daio.web.tr\/rsm\/wp-content\/uploads\/2017\/02\/polat.jpg 300w, https:\/\/www.daio.web.tr\/rsm\/wp-content\/uploads\/2017\/02\/polat-250x250.jpg 250w, https:\/\/www.daio.web.tr\/rsm\/wp-content\/uploads\/2017\/02\/polat-100x100.jpg 100w\" sizes=\"(max-width: 300px) 100vw, 300px\" \/> <img loading=\"lazy\" decoding=\"async\" class=\"alignnone size-full wp-image-4177\" src=\"https:\/\/www.daio.web.tr\/wp-content\/uploads\/2017\/02\/hasberk-metal-bursa.jpg\" alt=\"\" width=\"300\" height=\"300\" srcset=\"https:\/\/www.daio.web.tr\/rsm\/wp-content\/uploads\/2017\/02\/hasberk-metal-bursa.jpg 300w, https:\/\/www.daio.web.tr\/rsm\/wp-content\/uploads\/2017\/02\/hasberk-metal-bursa-250x250.jpg 250w, https:\/\/www.daio.web.tr\/rsm\/wp-content\/uploads\/2017\/02\/hasberk-metal-bursa-100x100.jpg 100w\" sizes=\"(max-width: 300px) 100vw, 300px\" \/>\u00a0<img loading=\"lazy\" decoding=\"async\" class=\"alignnone size-full wp-image-4082\" src=\"https:\/\/www.daio.web.tr\/wp-content\/uploads\/2017\/02\/ongiz-logo.jpg\" alt=\"\" width=\"300\" height=\"300\" srcset=\"https:\/\/www.daio.web.tr\/rsm\/wp-content\/uploads\/2017\/02\/ongiz-logo.jpg 300w, https:\/\/www.daio.web.tr\/rsm\/wp-content\/uploads\/2017\/02\/ongiz-logo-250x250.jpg 250w, https:\/\/www.daio.web.tr\/rsm\/wp-content\/uploads\/2017\/02\/ongiz-logo-100x100.jpg 100w\" sizes=\"(max-width: 300px) 100vw, 300px\" \/> <img loading=\"lazy\" decoding=\"async\" class=\"alignnone size-full wp-image-4081\" src=\"https:\/\/www.daio.web.tr\/wp-content\/uploads\/2017\/02\/onat-garden.jpg\" alt=\"\" width=\"300\" height=\"300\" srcset=\"https:\/\/www.daio.web.tr\/rsm\/wp-content\/uploads\/2017\/02\/onat-garden.jpg 300w, https:\/\/www.daio.web.tr\/rsm\/wp-content\/uploads\/2017\/02\/onat-garden-250x250.jpg 250w, https:\/\/www.daio.web.tr\/rsm\/wp-content\/uploads\/2017\/02\/onat-garden-100x100.jpg 100w\" sizes=\"(max-width: 300px) 100vw, 300px\" \/> <img loading=\"lazy\" decoding=\"async\" class=\"alignnone size-full wp-image-4074\" src=\"https:\/\/www.daio.web.tr\/wp-content\/uploads\/2017\/02\/melek-ulubay.jpg\" alt=\"\" width=\"300\" height=\"300\" srcset=\"https:\/\/www.daio.web.tr\/rsm\/wp-content\/uploads\/2017\/02\/melek-ulubay.jpg 300w, https:\/\/www.daio.web.tr\/rsm\/wp-content\/uploads\/2017\/02\/melek-ulubay-250x250.jpg 250w, https:\/\/www.daio.web.tr\/rsm\/wp-content\/uploads\/2017\/02\/melek-ulubay-100x100.jpg 100w\" sizes=\"(max-width: 300px) 100vw, 300px\" \/> <img loading=\"lazy\" decoding=\"async\" class=\"alignnone size-full wp-image-4073\" src=\"https:\/\/www.daio.web.tr\/wp-content\/uploads\/2017\/02\/lojimek.jpg\" alt=\"\" width=\"300\" height=\"300\" srcset=\"https:\/\/www.daio.web.tr\/rsm\/wp-content\/uploads\/2017\/02\/lojimek.jpg 300w, https:\/\/www.daio.web.tr\/rsm\/wp-content\/uploads\/2017\/02\/lojimek-250x250.jpg 250w, https:\/\/www.daio.web.tr\/rsm\/wp-content\/uploads\/2017\/02\/lojimek-100x100.jpg 100w\" sizes=\"(max-width: 300px) 100vw, 300px\" \/>\u00a0\u00a0<img loading=\"lazy\" decoding=\"async\" class=\"alignnone size-full wp-image-4178\" src=\"https:\/\/www.daio.web.tr\/wp-content\/uploads\/2017\/02\/merlog-logo-bursa.jpg\" alt=\"\" width=\"300\" height=\"300\" srcset=\"https:\/\/www.daio.web.tr\/rsm\/wp-content\/uploads\/2017\/02\/merlog-logo-bursa.jpg 300w, https:\/\/www.daio.web.tr\/rsm\/wp-content\/uploads\/2017\/02\/merlog-logo-bursa-250x250.jpg 250w, https:\/\/www.daio.web.tr\/rsm\/wp-content\/uploads\/2017\/02\/merlog-logo-bursa-100x100.jpg 100w\" sizes=\"(max-width: 300px) 100vw, 300px\" \/> \u00a0\u00a0\u00a0<img loading=\"lazy\" decoding=\"async\" class=\"alignnone size-full wp-image-4062\" src=\"https:\/\/www.daio.web.tr\/wp-content\/uploads\/2017\/02\/ilgin-esnaf-Kopya.jpg\" alt=\"\" width=\"300\" height=\"300\" srcset=\"https:\/\/www.daio.web.tr\/rsm\/wp-content\/uploads\/2017\/02\/ilgin-esnaf-Kopya.jpg 300w, https:\/\/www.daio.web.tr\/rsm\/wp-content\/uploads\/2017\/02\/ilgin-esnaf-Kopya-250x250.jpg 250w, https:\/\/www.daio.web.tr\/rsm\/wp-content\/uploads\/2017\/02\/ilgin-esnaf-Kopya-100x100.jpg 100w\" sizes=\"(max-width: 300px) 100vw, 300px\" \/> \u00a0<img loading=\"lazy\" decoding=\"async\" class=\"alignnone size-full wp-image-4059\" src=\"https:\/\/www.daio.web.tr\/wp-content\/uploads\/2017\/02\/goznur-Kopya.jpg\" alt=\"\" width=\"300\" height=\"300\" srcset=\"https:\/\/www.daio.web.tr\/rsm\/wp-content\/uploads\/2017\/02\/goznur-Kopya.jpg 300w, https:\/\/www.daio.web.tr\/rsm\/wp-content\/uploads\/2017\/02\/goznur-Kopya-250x250.jpg 250w, https:\/\/www.daio.web.tr\/rsm\/wp-content\/uploads\/2017\/02\/goznur-Kopya-100x100.jpg 100w\" sizes=\"(max-width: 300px) 100vw, 300px\" \/> <img loading=\"lazy\" decoding=\"async\" class=\"alignnone size-full wp-image-4058\" src=\"https:\/\/www.daio.web.tr\/wp-content\/uploads\/2017\/02\/fortem-Kopya.jpg\" alt=\"\" width=\"300\" height=\"300\" srcset=\"https:\/\/www.daio.web.tr\/rsm\/wp-content\/uploads\/2017\/02\/fortem-Kopya.jpg 300w, https:\/\/www.daio.web.tr\/rsm\/wp-content\/uploads\/2017\/02\/fortem-Kopya-250x250.jpg 250w, https:\/\/www.daio.web.tr\/rsm\/wp-content\/uploads\/2017\/02\/fortem-Kopya-100x100.jpg 100w\" sizes=\"(max-width: 300px) 100vw, 300px\" \/> <img loading=\"lazy\" decoding=\"async\" class=\"alignnone size-full wp-image-4057\" src=\"https:\/\/www.daio.web.tr\/wp-content\/uploads\/2017\/02\/fkm-Kopya.jpg\" alt=\"\" width=\"300\" height=\"300\" srcset=\"https:\/\/www.daio.web.tr\/rsm\/wp-content\/uploads\/2017\/02\/fkm-Kopya.jpg 300w, https:\/\/www.daio.web.tr\/rsm\/wp-content\/uploads\/2017\/02\/fkm-Kopya-250x250.jpg 250w, https:\/\/www.daio.web.tr\/rsm\/wp-content\/uploads\/2017\/02\/fkm-Kopya-100x100.jpg 100w\" sizes=\"(max-width: 300px) 100vw, 300px\" \/> <img loading=\"lazy\" decoding=\"async\" class=\"alignnone size-full wp-image-4056\" src=\"https:\/\/www.daio.web.tr\/wp-content\/uploads\/2017\/02\/feyiz-Kopya.jpg\" alt=\"\" width=\"300\" height=\"300\" srcset=\"https:\/\/www.daio.web.tr\/rsm\/wp-content\/uploads\/2017\/02\/feyiz-Kopya.jpg 300w, https:\/\/www.daio.web.tr\/rsm\/wp-content\/uploads\/2017\/02\/feyiz-Kopya-250x250.jpg 250w, https:\/\/www.daio.web.tr\/rsm\/wp-content\/uploads\/2017\/02\/feyiz-Kopya-100x100.jpg 100w\" sizes=\"(max-width: 300px) 100vw, 300px\" \/> <img loading=\"lazy\" decoding=\"async\" class=\"alignnone size-full wp-image-4055\" src=\"https:\/\/www.daio.web.tr\/wp-content\/uploads\/2017\/02\/etka-Kopya.jpg\" alt=\"\" width=\"300\" height=\"300\" srcset=\"https:\/\/www.daio.web.tr\/rsm\/wp-content\/uploads\/2017\/02\/etka-Kopya.jpg 300w, https:\/\/www.daio.web.tr\/rsm\/wp-content\/uploads\/2017\/02\/etka-Kopya-250x250.jpg 250w, https:\/\/www.daio.web.tr\/rsm\/wp-content\/uploads\/2017\/02\/etka-Kopya-100x100.jpg 100w\" sizes=\"(max-width: 300px) 100vw, 300px\" \/> <img loading=\"lazy\" decoding=\"async\" class=\"alignnone size-full wp-image-4052\" src=\"https:\/\/www.daio.web.tr\/wp-content\/uploads\/2017\/02\/erdemli-Kopya.jpg\" alt=\"\" width=\"300\" height=\"300\" srcset=\"https:\/\/www.daio.web.tr\/rsm\/wp-content\/uploads\/2017\/02\/erdemli-Kopya.jpg 300w, https:\/\/www.daio.web.tr\/rsm\/wp-content\/uploads\/2017\/02\/erdemli-Kopya-250x250.jpg 250w, https:\/\/www.daio.web.tr\/rsm\/wp-content\/uploads\/2017\/02\/erdemli-Kopya-100x100.jpg 100w\" sizes=\"(max-width: 300px) 100vw, 300px\" \/> <img loading=\"lazy\" decoding=\"async\" class=\"alignnone size-full wp-image-4050\" src=\"https:\/\/www.daio.web.tr\/wp-content\/uploads\/2017\/02\/dogus-Kopya.jpg\" alt=\"\" width=\"300\" height=\"300\" srcset=\"https:\/\/www.daio.web.tr\/rsm\/wp-content\/uploads\/2017\/02\/dogus-Kopya.jpg 300w, https:\/\/www.daio.web.tr\/rsm\/wp-content\/uploads\/2017\/02\/dogus-Kopya-250x250.jpg 250w, https:\/\/www.daio.web.tr\/rsm\/wp-content\/uploads\/2017\/02\/dogus-Kopya-100x100.jpg 100w\" sizes=\"(max-width: 300px) 100vw, 300px\" \/> \u00a0\u00a0<img loading=\"lazy\" decoding=\"async\" class=\"alignnone size-full wp-image-4044\" src=\"https:\/\/www.daio.web.tr\/wp-content\/uploads\/2017\/02\/burcman-Kopya.jpg\" alt=\"\" width=\"300\" height=\"300\" srcset=\"https:\/\/www.daio.web.tr\/rsm\/wp-content\/uploads\/2017\/02\/burcman-Kopya.jpg 300w, https:\/\/www.daio.web.tr\/rsm\/wp-content\/uploads\/2017\/02\/burcman-Kopya-250x250.jpg 250w, https:\/\/www.daio.web.tr\/rsm\/wp-content\/uploads\/2017\/02\/burcman-Kopya-100x100.jpg 100w\" sizes=\"(max-width: 300px) 100vw, 300px\" \/> \u00a0<img loading=\"lazy\" decoding=\"async\" class=\"alignnone size-full wp-image-4042\" src=\"https:\/\/www.daio.web.tr\/wp-content\/uploads\/2017\/02\/bilgic-Kopya.jpg\" alt=\"\" width=\"300\" height=\"300\" srcset=\"https:\/\/www.daio.web.tr\/rsm\/wp-content\/uploads\/2017\/02\/bilgic-Kopya.jpg 300w, https:\/\/www.daio.web.tr\/rsm\/wp-content\/uploads\/2017\/02\/bilgic-Kopya-250x250.jpg 250w, https:\/\/www.daio.web.tr\/rsm\/wp-content\/uploads\/2017\/02\/bilgic-Kopya-100x100.jpg 100w\" sizes=\"(max-width: 300px) 100vw, 300px\" \/> \u00a0\u00a0\u00a0\u00a0\u00a0<img loading=\"lazy\" decoding=\"async\" class=\"alignnone size-full wp-image-4034\" src=\"https:\/\/www.daio.web.tr\/wp-content\/uploads\/2017\/02\/algan-Kopya.jpg\" alt=\"\" width=\"300\" height=\"300\" srcset=\"https:\/\/www.daio.web.tr\/rsm\/wp-content\/uploads\/2017\/02\/algan-Kopya.jpg 300w, https:\/\/www.daio.web.tr\/rsm\/wp-content\/uploads\/2017\/02\/algan-Kopya-250x250.jpg 250w, https:\/\/www.daio.web.tr\/rsm\/wp-content\/uploads\/2017\/02\/algan-Kopya-100x100.jpg 100w\" sizes=\"(max-width: 300px) 100vw, 300px\" \/> <img loading=\"lazy\" decoding=\"async\" class=\"alignnone size-full wp-image-4035\" src=\"https:\/\/www.daio.web.tr\/wp-content\/uploads\/2017\/02\/atlantik-Kopya.jpg\" alt=\"\" width=\"300\" height=\"300\" srcset=\"https:\/\/www.daio.web.tr\/rsm\/wp-content\/uploads\/2017\/02\/atlantik-Kopya.jpg 300w, https:\/\/www.daio.web.tr\/rsm\/wp-content\/uploads\/2017\/02\/atlantik-Kopya-250x250.jpg 250w, https:\/\/www.daio.web.tr\/rsm\/wp-content\/uploads\/2017\/02\/atlantik-Kopya-100x100.jpg 100w\" sizes=\"(max-width: 300px) 100vw, 300px\" \/><\/p>\n","protected":false},"excerpt":{"rendered":"<p>10 Y\u0131lda pek \u00e7ok firmaya hizmet verdik. DAIO Web Tasar\u0131m olarak bunlardan birka\u00e7\u0131n\u0131 a\u015fa\u011f\u0131da be\u011feninize sunuyoruz. Sizde bu sayfada yer almak ve en g\u00fczel en son referans\u0131m\u0131z olmak isterseniz bize ula\u015f\u0131n.. \u00a0 \u00a0 \u00a0\u00a0 \u00a0\u00a0\u00a0 \u00a0 \u00a0\u00a0 \u00a0 \u00a0\u00a0\u00a0\u00a0\u00a0<\/p>\n","protected":false},"author":1,"featured_media":0,"parent":0,"menu_order":0,"comment_status":"closed","ping_status":"closed","template":"","meta":{"footnotes":""},"class_list":["post-3278","page","type-page","status-publish","hentry"],"aioseo_notices":[],"_links":{"self":[{"href":"https:\/\/www.daio.web.tr\/rsm\/wp-json\/wp\/v2\/pages\/3278","targetHints":{"allow":["GET"]}}],"collection":[{"href":"https:\/\/www.daio.web.tr\/rsm\/wp-json\/wp\/v2\/pages"}],"about":[{"href":"https:\/\/www.daio.web.tr\/rsm\/wp-json\/wp\/v2\/types\/page"}],"author":[{"embeddable":true,"href":"https:\/\/www.daio.web.tr\/rsm\/wp-json\/wp\/v2\/users\/1"}],"replies":[{"embeddable":true,"href":"https:\/\/www.daio.web.tr\/rsm\/wp-json\/wp\/v2\/comments?post=3278"}],"version-history":[{"count":21,"href":"https:\/\/www.daio.web.tr\/rsm\/wp-json\/wp\/v2\/pages\/3278\/revisions"}],"predecessor-version":[{"id":4651,"href":"https:\/\/www.daio.web.tr\/rsm\/wp-json\/wp\/v2\/pages\/3278\/revisions\/4651"}],"wp:attachment":[{"href":"https:\/\/www.daio.web.tr\/rsm\/wp-json\/wp\/v2\/media?parent=3278"}],"curies":[{"name":"wp","href":"https:\/\/api.w.org\/{rel}","templated":true}]}}