{"id":3275,"date":"2017-02-17T10:58:30","date_gmt":"2017-02-17T08:58:30","guid":{"rendered":"http:\/\/www.daio.web.tr\/demo\/?page_id=3275"},"modified":"2025-02-11T11:42:06","modified_gmt":"2025-02-11T08:42:06","slug":"hakkimizda","status":"publish","type":"page","link":"https:\/\/www.daio.web.tr\/rsm\/hakkimizda","title":{"rendered":"HAKKIMIZDA"},"content":{"rendered":"<p><strong>\u2580 Ayr\u0131cal\u0131kl\u0131 Bir D\u00fcnyaya Ho\u015fgeldiniz!<\/strong><br \/>\nG\u00fcn\u00fcm\u00fcz ticaret ko\u015fullar\u0131 art\u0131k de\u011fi\u015fti ve her 2 firmadan biri m\u00fc\u015fterisini internetten bulur hale geldi. Peki siz internette ne kadar vars\u0131n\u0131z? RSM Dijital olarak firman\u0131za uygun ve kullan\u0131\u015fl\u0131 web sitesini en uygun ko\u015fullarda haz\u0131rl\u0131yoruz. 10 Y\u0131ld\u0131r ilk d\u00fc\u015f\u00fcnd\u00fc\u011f\u00fcm\u00fcz \u015fey firmam\u0131za nas\u0131l faydal\u0131 olabiliriz olmu\u015ftur. \u0130htiyac\u0131n\u0131z olan hizmetle ilgili bize web sitemiz \u00fczerinden ula\u015fabilirsiniz. Dilerseniz Canl\u0131 Destek Hatt\u0131m\u0131z\u0131 kullan\u0131n, dilerseniz telefonla ula\u015f\u0131n.<\/p>\n<p><strong>\u2580 Biz Kimiz?<\/strong><\/p>\n<p>Yakla\u015f\u0131k 10 y\u0131ld\u0131r web tasar\u0131m sekt\u00f6r\u00fcnde hizmet vermekteyiz.. 10 y\u0131lda pek \u00e7ok firmaya internet ve bili\u015fim sekt\u00f6r\u00fcnde rehberlik yapt\u0131k. \u00c7al\u0131\u015fmalar\u0131m\u0131z\u0131 yaparken sizi bir m\u00fc\u015fteriden \u00f6nce bir dost gibi g\u00f6rd\u00fck ve bu do\u011frultuda yakla\u015ft\u0131k.<\/p>\n<p>\u00d6ncelikli amac\u0131m\u0131z sizden nas\u0131l para kazanabiliriz de\u011fil size nas\u0131l para ve prestij kazand\u0131rabiliriz olmu\u015ftur.<\/p>\n","protected":false},"excerpt":{"rendered":"<p>\u2580 Ayr\u0131cal\u0131kl\u0131 Bir D\u00fcnyaya Ho\u015fgeldiniz! G\u00fcn\u00fcm\u00fcz ticaret ko\u015fullar\u0131 art\u0131k de\u011fi\u015fti ve her 2 firmadan biri m\u00fc\u015fterisini internetten bulur hale geldi. Peki siz internette ne kadar vars\u0131n\u0131z? RSM Dijital olarak firman\u0131za uygun ve kullan\u0131\u015fl\u0131 web sitesini en uygun ko\u015fullarda haz\u0131rl\u0131yoruz. 10 Y\u0131ld\u0131r ilk d\u00fc\u015f\u00fcnd\u00fc\u011f\u00fcm\u00fcz \u015fey firmam\u0131za nas\u0131l faydal\u0131 olabiliriz olmu\u015ftur. \u0130htiyac\u0131n\u0131z olan hizmetle ilgili bize web [&hellip;]<\/p>\n","protected":false},"author":1,"featured_media":0,"parent":0,"menu_order":0,"comment_status":"closed","ping_status":"closed","template":"","meta":{"footnotes":""},"class_list":["post-3275","page","type-page","status-publish","hentry"],"aioseo_notices":[],"_links":{"self":[{"href":"https:\/\/www.daio.web.tr\/rsm\/wp-json\/wp\/v2\/pages\/3275","targetHints":{"allow":["GET"]}}],"collection":[{"href":"https:\/\/www.daio.web.tr\/rsm\/wp-json\/wp\/v2\/pages"}],"about":[{"href":"https:\/\/www.daio.web.tr\/rsm\/wp-json\/wp\/v2\/types\/page"}],"author":[{"embeddable":true,"href":"https:\/\/www.daio.web.tr\/rsm\/wp-json\/wp\/v2\/users\/1"}],"replies":[{"embeddable":true,"href":"https:\/\/www.daio.web.tr\/rsm\/wp-json\/wp\/v2\/comments?post=3275"}],"version-history":[{"count":12,"href":"https:\/\/www.daio.web.tr\/rsm\/wp-json\/wp\/v2\/pages\/3275\/revisions"}],"predecessor-version":[{"id":4644,"href":"https:\/\/www.daio.web.tr\/rsm\/wp-json\/wp\/v2\/pages\/3275\/revisions\/4644"}],"wp:attachment":[{"href":"https:\/\/www.daio.web.tr\/rsm\/wp-json\/wp\/v2\/media?parent=3275"}],"curies":[{"name":"wp","href":"https:\/\/api.w.org\/{rel}","templated":true}]}}